{"id":1331,"date":"2023-06-24T13:51:57","date_gmt":"2023-06-24T18:51:57","guid":{"rendered":"https:\/\/observatorio.regionmoquegua.gob.pe\/?page_id=1331"},"modified":"2025-08-18T10:33:43","modified_gmt":"2025-08-18T15:33:43","slug":"red-de-servicios-de-atencion","status":"publish","type":"page","link":"https:\/\/observatorio.regionmoquegua.gob.pe\/index.php\/red-de-servicios-de-atencion\/","title":{"rendered":"Red de Servicios &#8211; Red de Servicios de Atenci\u00f3n"},"content":{"rendered":"<p>[et_pb_section fb_built=\u00bb1&#8243; _builder_version=\u00bb4.21.0&#8243; _module_preset=\u00bbdefault\u00bb da_disable_devices=\u00bboff|off|off\u00bb global_colors_info=\u00bb{}\u00bb da_is_popup=\u00bboff\u00bb da_exit_intent=\u00bboff\u00bb da_has_close=\u00bbon\u00bb da_alt_close=\u00bboff\u00bb da_dark_close=\u00bboff\u00bb da_not_modal=\u00bbon\u00bb da_is_singular=\u00bboff\u00bb da_with_loader=\u00bboff\u00bb da_has_shadow=\u00bbon\u00bb][et_pb_row _builder_version=\u00bb4.21.0&#8243; _module_preset=\u00bbdefault\u00bb background_enable_image=\u00bboff\u00bb animation_style=\u00bbfold\u00bb animation_duration=\u00bb1450ms\u00bb locked=\u00bboff\u00bb global_colors_info=\u00bb{}\u00bb][et_pb_column type=\u00bb4_4&#8243; _builder_version=\u00bb4.21.0&#8243; _module_preset=\u00bbdefault\u00bb global_colors_info=\u00bb{}\u00bb][et_pb_text _builder_version=\u00bb4.27.4&#8243; _module_preset=\u00bbdefault\u00bb text_font=\u00bbComfortaa|800|||||||\u00bb text_font_size=\u00bb23px\u00bb hover_enabled=\u00bb0&#8243; border_width_left=\u00bb5px\u00bb border_color_left=\u00bb#dd3333&#8243; global_colors_info=\u00bb{}\u00bb sticky_enabled=\u00bb0&#8243;]<\/p>\n<p><span style=\"color: #5e5e5e;\">\u00a0 RED DE SERVICIOS DE ATENCI\u00d3N<\/span><\/p>\n<p>[\/et_pb_text][et_pb_divider color=\u00bb#c40017&#8243; divider_weight=\u00bb3px\u00bb _builder_version=\u00bb4.27.4&#8243; _module_preset=\u00bbdefault\u00bb custom_margin=\u00bb-10px||-10px||false|false\u00bb animation_style=\u00bbfade\u00bb global_colors_info=\u00bb{}\u00bb][\/et_pb_divider][\/et_pb_column][\/et_pb_row][et_pb_row column_structure=\u00bb1_3,1_3,1_3&#8243; _builder_version=\u00bb4.18.0&#8243; _module_preset=\u00bbdefault\u00bb locked=\u00bboff\u00bb global_colors_info=\u00bb{}\u00bb][et_pb_column type=\u00bb1_3&#8243; _builder_version=\u00bb4.18.0&#8243; _module_preset=\u00bbdefault\u00bb global_colors_info=\u00bb{}\u00bb][et_pb_blurb title=\u00bbSUB GERENCIA DE DESARROLLO E INCLUSI\u00d3N SOCIAL\u00bb image=\u00bbhttp:\/\/observatorio.regionmoquegua.gob.pe\/wp-content\/uploads\/2023\/06\/1-1.jpg\u00bb _builder_version=\u00bb4.27.4&#8243; _module_preset=\u00bbdefault\u00bb global_colors_info=\u00bb{}\u00bb]<\/p>\n<ul>\n<li><strong>REGI\u00d3N:<\/strong> MOQUEGUA<\/li>\n<li><strong>TEL\u00c9FONO:<\/strong> 053 &#8211; 584550-11<\/li>\n<li><strong>DIRECCI\u00d3N: <\/strong>MALEC\u00d3N MARISCAL DOMINGO NIETO 1-B S\/N SECTOR EL GRAMADAL, MOQUEGUA &#8211; PER\u00da.<strong><\/strong><\/li>\n<li><strong>RESPONSABLE:<\/strong> DIANIRA ANGELICA MEZA MENDOZA<\/li>\n<li><strong>CARGO:<\/strong> SUB GERENTE DE DESARROLLO E INCLUSI\u00d3N SOCIAL<\/li>\n<li><strong>CELULAR PERS:<\/strong> 953352738<\/li>\n<li><strong>CORREOS: <\/strong>ttapia@regionmoquegua.gob.pe<\/li>\n<\/ul>\n<p>[\/et_pb_blurb][\/et_pb_column][et_pb_column type=\u00bb1_3&#8243; _builder_version=\u00bb4.18.0&#8243; _module_preset=\u00bbdefault\u00bb global_colors_info=\u00bb{}\u00bb][et_pb_blurb title=\u00bbDIRECCI\u00d3N REGIONAL DE SALUD \u00bb image=\u00bbhttp:\/\/observatorio.regionmoquegua.gob.pe\/wp-content\/uploads\/2023\/06\/2-5.jpg\u00bb _builder_version=\u00bb4.21.0&#8243; _module_preset=\u00bbdefault\u00bb global_colors_info=\u00bb{}\u00bb]<\/p>\n<ul>\n<li><strong>REGI\u00d3N:<\/strong> MOQUEGUA<\/li>\n<li><strong>TEL\u00c9FONO:<\/strong> 053 462217<\/li>\n<li><strong>CELULAR:<\/strong> 953718850<\/li>\n<li><strong>DIRECCI\u00d3N:<\/strong> AV. SIM\u00d3N BOL\u00cdVAR S\/N (AL COSTADO DEL HOSPITAL REGIONAL MOQUEGUA)<\/li>\n<li><strong>CELULAR PERS.:<\/strong> 953718850<\/li>\n<li><strong>CORREOS: <\/strong>rrpp@diresamoquegua.gob.pe<\/li>\n<\/ul>\n<p>[\/et_pb_blurb][\/et_pb_column][et_pb_column type=\u00bb1_3&#8243; _builder_version=\u00bb4.18.0&#8243; _module_preset=\u00bbdefault\u00bb global_colors_info=\u00bb{}\u00bb][et_pb_blurb title=\u00bbDIRECCI\u00d3N REGIONAL DE TRABAJO Y PROMOCI\u00d3N DEL EMPLEO\u00bb image=\u00bbhttp:\/\/observatorio.regionmoquegua.gob.pe\/wp-content\/uploads\/2023\/06\/3-4.jpg\u00bb _builder_version=\u00bb4.21.0&#8243; _module_preset=\u00bbdefault\u00bb global_colors_info=\u00bb{}\u00bb]<\/p>\n<ul>\n<li><strong>REGI\u00d3N:<\/strong> MOQUEGUA<\/li>\n<li><strong>TEL\u00c9FONO:<\/strong> 973128031<\/li>\n<li><strong>CELULAR:<\/strong> 937128031<\/li>\n<li><strong>DIRECCI\u00d3N:<\/strong> CALLE AMAZONAS, 370 MOQUEGUA<\/li>\n<li><strong>CELULAR PERS:<\/strong> 937128031<\/li>\n<li><strong>CORREOS: <\/strong>informes@drtpemoquegua.gob.pe<\/li>\n<\/ul>\n<p>[\/et_pb_blurb][\/et_pb_column][\/et_pb_row][et_pb_row column_structure=\u00bb1_3,1_3,1_3&#8243; _builder_version=\u00bb4.18.0&#8243; _module_preset=\u00bbdefault\u00bb locked=\u00bboff\u00bb global_colors_info=\u00bb{}\u00bb][et_pb_column type=\u00bb1_3&#8243; _builder_version=\u00bb4.18.0&#8243; _module_preset=\u00bbdefault\u00bb global_colors_info=\u00bb{}\u00bb][et_pb_blurb title=\u00bbDIRECCI\u00d3N REGIONAL DE EDUCACI\u00d3N\u00bb image=\u00bbhttp:\/\/observatorio.regionmoquegua.gob.pe\/wp-content\/uploads\/2023\/06\/4-1.jpg\u00bb _builder_version=\u00bb4.21.0&#8243; _module_preset=\u00bbdefault\u00bb global_colors_info=\u00bb{}\u00bb]<\/p>\n<ul>\n<li><strong>REGI\u00d3N:<\/strong> MOQUEGUA<\/li>\n<li><strong>TEL\u00c9FONO:<\/strong> 053 461651<\/li>\n<li><strong>CELULAR:<\/strong> S\/N<\/li>\n<li><strong>DIRECCI\u00d3N:<\/strong> URB.ENRIQUE L\u00d3PEZ ALBUJAR MZA. B LT-01 ETAPA B-1 &#8211; SAN ANTONIO.<\/li>\n<li><strong>CELULAR PERS:<\/strong> 053 461651<\/li>\n<li><strong>CORREOS:<\/strong> gremoquegua.edu.pe<\/li>\n<\/ul>\n<p>[\/et_pb_blurb][\/et_pb_column][et_pb_column type=\u00bb1_3&#8243; _builder_version=\u00bb4.18.0&#8243; _module_preset=\u00bbdefault\u00bb global_colors_info=\u00bb{}\u00bb][et_pb_blurb title=\u00bbUNIDAD TERRITORIAL DEL PROGRAMA AURORA &#8211; MIMP (COORDINACI\u00d3N TERRITORIAL)\u00bb image=\u00bbhttp:\/\/observatorio.regionmoquegua.gob.pe\/wp-content\/uploads\/2023\/06\/5.jpg\u00bb _builder_version=\u00bb4.21.0&#8243; _module_preset=\u00bbdefault\u00bb global_colors_info=\u00bb{}\u00bb]<\/p>\n<ul>\n<li><strong>REGI\u00d3N:<\/strong> MOQUEGUA<\/li>\n<li><strong>TEL\u00c9FONO:<\/strong> 949726638<\/li>\n<li><strong>CELULAR:<\/strong> 949726638<\/li>\n<li><strong>DIRECCI\u00d3N:<\/strong> CALLE MOQUEGUA 949 &#8211; CERCADO DEL DISTRITO DE MOQUEGUA.<strong style=\"font-size: 14px;\"><\/strong><\/li>\n<li><strong>CELULAR PERS.:<\/strong> 949726638<\/li>\n<li><strong>CORREOS: <\/strong><a href=\"mailto:yrquispe@aurora.gob.pe\">yrquispe@aurora.gob.pe<\/a> \/ <a href=\"mailto:reynaquisancco@gmail.com\">reynaquisancco@gmail.com<\/a><\/li>\n<\/ul>\n<p>[\/et_pb_blurb][\/et_pb_column][et_pb_column type=\u00bb1_3&#8243; _builder_version=\u00bb4.18.0&#8243; _module_preset=\u00bbdefault\u00bb global_colors_info=\u00bb{}\u00bb][et_pb_blurb title=\u00bbPOLIC\u00cdA NACIONAL DEL PER\u00da\u00bb image=\u00bbhttp:\/\/observatorio.regionmoquegua.gob.pe\/wp-content\/uploads\/2023\/06\/6.jpg\u00bb _builder_version=\u00bb4.27.4&#8243; _module_preset=\u00bbdefault\u00bb hover_enabled=\u00bb0&#8243; global_colors_info=\u00bb{}\u00bb sticky_enabled=\u00bb0&#8243;]<\/p>\n<ul>\n<li><strong>REGI\u00d3N:<\/strong> MOQUEGUA<\/li>\n<li><strong>TEL\u00c9FONO:<\/strong> 957879609<\/li>\n<li><strong>DIRECCI\u00d3N:<\/strong> CALLE AMAZONAS S\/N CERCADO DE MOQUEGUA.<\/li>\n<\/ul>\n<p>[\/et_pb_blurb][\/et_pb_column][\/et_pb_row][et_pb_row column_structure=\u00bb1_3,1_3,1_3&#8243; _builder_version=\u00bb4.18.0&#8243; _module_preset=\u00bbdefault\u00bb locked=\u00bboff\u00bb global_colors_info=\u00bb{}\u00bb][et_pb_column type=\u00bb1_3&#8243; _builder_version=\u00bb4.18.0&#8243; _module_preset=\u00bbdefault\u00bb global_colors_info=\u00bb{}\u00bb][et_pb_blurb title=\u00bbJUNTA DE FISCALES SUPERIORES DEL DISTRITO FISCAL MOQUEGUA\u00bb image=\u00bbhttp:\/\/observatorio.regionmoquegua.gob.pe\/wp-content\/uploads\/2023\/06\/7-1.jpg\u00bb _builder_version=\u00bb4.21.0&#8243; _module_preset=\u00bbdefault\u00bb global_colors_info=\u00bb{}\u00bb]<\/p>\n<ul>\n<li><strong>REGI\u00d3N:<\/strong> MOQUEGUA<\/li>\n<li><strong>TEL\u00c9FONO:<\/strong> S\/N<\/li>\n<li><strong>CELULAR:<\/strong> S\/N<\/li>\n<li><strong>DIRECCI\u00d3N:<\/strong> AV. ADELAIDA BOL\u00cdVAR S\/N SAMEGUA<\/li>\n<li><strong>CELULAR PERS:<\/strong> S\/N<\/li>\n<li><strong>CORREOS:<\/strong> pjfs.moquegua@mpfn.gob.pe_\/<\/li>\n<\/ul>\n<p>[\/et_pb_blurb][\/et_pb_column][et_pb_column type=\u00bb1_3&#8243; _builder_version=\u00bb4.18.0&#8243; _module_preset=\u00bbdefault\u00bb global_colors_info=\u00bb{}\u00bb][et_pb_blurb title=\u00bbCORTE SUPERIOR DE JUSTICIA DE MOQUEGUA\u00bb image=\u00bbhttp:\/\/observatorio.regionmoquegua.gob.pe\/wp-content\/uploads\/2023\/06\/8-1.jpg\u00bb _builder_version=\u00bb4.21.0&#8243; _module_preset=\u00bbdefault\u00bb global_colors_info=\u00bb{}\u00bb]<\/p>\n<ul>\n<li><strong>REGI\u00d3N:<\/strong> MOQUEGUA<\/li>\n<li><strong>TEL\u00c9FONO:<\/strong> 053 463555<\/li>\n<li><strong>CELULAR:<\/strong> S\/N<\/li>\n<li><strong>DIRECCI\u00d3N:<\/strong> AV. MALEC\u00d3N MARISCAL DOMINGO NIETO S\/N MOQUEGUA &#8211; PER\u00da.<\/li>\n<li><strong style=\"font-size: 14px;\">CORREOS: <\/strong>S\/C<span style=\"font-size: 14px;\"><\/span><\/li>\n<\/ul>\n<p>[\/et_pb_blurb][\/et_pb_column][et_pb_column type=\u00bb1_3&#8243; _builder_version=\u00bb4.18.0&#8243; _module_preset=\u00bbdefault\u00bb global_colors_info=\u00bb{}\u00bb][et_pb_blurb title=\u00bbINSTITUTO NACIONAL DE ESTAD\u00cdSTICA E INFORM\u00c1TICA \u00bb image=\u00bbhttp:\/\/observatorio.regionmoquegua.gob.pe\/wp-content\/uploads\/2023\/06\/9-1.jpg\u00bb _builder_version=\u00bb4.21.0&#8243; _module_preset=\u00bbdefault\u00bb global_colors_info=\u00bb{}\u00bb]<\/p>\n<ul>\n<li><strong>REGI\u00d3N:<\/strong> MOQUEGUA<\/li>\n<li><strong>TEL\u00c9FONO:<\/strong> 053 461269<\/li>\n<li><strong>CELULAR:<\/strong> 053 461269<\/li>\n<li><strong>DIRECCI\u00d3N:<\/strong> AV. SANTA FORTUNATA MZA. Q3A LOTE.6 (DISTRITO DE SAN ANTONIO)<\/li>\n<li><strong style=\"font-size: 14px;\">CORREOS: <\/strong>S\/C<span style=\"font-size: 14px;\"><\/span><\/li>\n<\/ul>\n<p>[\/et_pb_blurb][\/et_pb_column][\/et_pb_row][et_pb_row column_structure=\u00bb1_3,1_3,1_3&#8243; _builder_version=\u00bb4.18.0&#8243; _module_preset=\u00bbdefault\u00bb locked=\u00bboff\u00bb global_colors_info=\u00bb{}\u00bb][et_pb_column type=\u00bb1_3&#8243; _builder_version=\u00bb4.18.0&#8243; _module_preset=\u00bbdefault\u00bb global_colors_info=\u00bb{}\u00bb][et_pb_blurb title=\u00bbDEFENSA P\u00daBLICA Y ACCESO A LA JUSTICIA &#8211; MINJUS\u00bb image=\u00bbhttp:\/\/observatorio.regionmoquegua.gob.pe\/wp-content\/uploads\/2023\/06\/10-1.jpg\u00bb _builder_version=\u00bb4.27.4&#8243; _module_preset=\u00bbdefault\u00bb global_colors_info=\u00bb{}\u00bb]<\/p>\n<ul>\n<li><strong>REGI\u00d3N:<\/strong> MOQUEGUA<\/li>\n<li><strong>TEL\u00c9FONO:<\/strong> 053 463126<\/li>\n<li><strong>CELULAR:<\/strong> S\/N<\/li>\n<li><strong>DIRECCI\u00d3N:<\/strong> CALLE LIBERTAD N\u00b0 485 &#8211; MOQUEGUA<\/li>\n<li><strong>CORREOS: <\/strong>S\/C<\/li>\n<\/ul>\n<p>[\/et_pb_blurb][\/et_pb_column][et_pb_column type=\u00bb1_3&#8243; _builder_version=\u00bb4.18.0&#8243; _module_preset=\u00bbdefault\u00bb global_colors_info=\u00bb{}\u00bb][et_pb_blurb title=\u00bbDEFENSOR\u00cdA DEL PUEBLO\u00bb image=\u00bbhttp:\/\/observatorio.regionmoquegua.gob.pe\/wp-content\/uploads\/2025\/04\/Defensoria_del_Pueblo-FOTO1.jpg\u00bb _builder_version=\u00bb4.27.4&#8243; _module_preset=\u00bbdefault\u00bb global_colors_info=\u00bb{}\u00bb]<\/p>\n<ul>\n<li><strong>REGI\u00d3N:<\/strong> MOQUEGUA<\/li>\n<li><strong>TEL\u00c9FONO:<\/strong> 053 464359<\/li>\n<li><strong>CELULAR:<\/strong> S\/N<\/li>\n<li><strong>DIRECCI\u00d3N:<\/strong> CALLE AYACUCHO N\u00b0 464 &#8211; MOQUEGUA<\/li>\n<li><strong>CORREOS: <\/strong>S\/C<\/li>\n<\/ul>\n<p>[\/et_pb_blurb][\/et_pb_column][et_pb_column type=\u00bb1_3&#8243; _builder_version=\u00bb4.18.0&#8243; _module_preset=\u00bbdefault\u00bb global_colors_info=\u00bb{}\u00bb][\/et_pb_column][\/et_pb_row][\/et_pb_section][et_pb_section fb_built=\u00bb1&#8243; _builder_version=\u00bb4.27.4&#8243; _module_preset=\u00bbdefault\u00bb background_color=\u00bb#171717&#8243; da_disable_devices=\u00bboff|off|off\u00bb saved_tabs=\u00bball\u00bb global_colors_info=\u00bb{}\u00bb da_is_popup=\u00bboff\u00bb da_exit_intent=\u00bboff\u00bb da_has_close=\u00bbon\u00bb da_alt_close=\u00bboff\u00bb da_dark_close=\u00bboff\u00bb da_not_modal=\u00bbon\u00bb da_is_singular=\u00bboff\u00bb da_with_loader=\u00bboff\u00bb da_has_shadow=\u00bbon\u00bb][et_pb_row column_structure=\u00bb1_3,1_3,1_3&#8243; _builder_version=\u00bb4.27.4&#8243; _module_preset=\u00bbdefault\u00bb max_width=\u00bb1500px\u00bb custom_margin=\u00bb-10px||-60px||false|false\u00bb custom_padding=\u00bb||||false|false\u00bb global_colors_info=\u00bb{}\u00bb][et_pb_column type=\u00bb1_3&#8243; _builder_version=\u00bb4.27.4&#8243; _module_preset=\u00bbdefault\u00bb global_colors_info=\u00bb{}\u00bb][et_pb_image src=\u00bbhttp:\/\/observatorio.regionmoquegua.gob.pe\/wp-content\/uploads\/2025\/05\/GORE-B.png\u00bb title_text=\u00bbGORE B\u00bb _builder_version=\u00bb4.27.4&#8243; _module_preset=\u00bbdefault\u00bb width=\u00bb40%\u00bb module_alignment=\u00bbcenter\u00bb custom_margin=\u00bb30px||||false|false\u00bb animation_style=\u00bbfade\u00bb global_colors_info=\u00bb{}\u00bb][\/et_pb_image][et_pb_text _builder_version=\u00bb4.27.4&#8243; _module_preset=\u00bbdefault\u00bb text_font=\u00bbAboreto||||||||\u00bb text_text_color=\u00bb#FFFFFF\u00bb custom_margin=\u00bb-20px||||false|false\u00bb global_colors_info=\u00bb{}\u00bb]<\/p>\n<p style=\"text-align: center;\">\u00abUna Regi\u00f3n de Oportunidades\u00bb<\/p>\n<p>[\/et_pb_text][et_pb_social_media_follow _builder_version=\u00bb4.27.4&#8243; _module_preset=\u00bbdefault\u00bb text_orientation=\u00bbcenter\u00bb custom_margin=\u00bb-20px||||false|false\u00bb global_colors_info=\u00bb{}\u00bb][et_pb_social_media_follow_network social_network=\u00bbfacebook\u00bb url=\u00bbhttps:\/\/www.facebook.com\/gob.regionalmoq\u00bb icon_color=\u00bb#171717&#8243; _builder_version=\u00bb4.27.4&#8243; _module_preset=\u00bbdefault\u00bb background_color=\u00bb#FFFFFF\u00bb background_enable_color=\u00bbon\u00bb global_colors_info=\u00bb{}\u00bb follow_button=\u00bboff\u00bb url_new_window=\u00bbon\u00bb]facebook[\/et_pb_social_media_follow_network][et_pb_social_media_follow_network social_network=\u00bbtwitter\u00bb icon_color=\u00bb#171717&#8243; _builder_version=\u00bb4.27.4&#8243; _module_preset=\u00bbdefault\u00bb background_color=\u00bb#FFFFFF\u00bb background_enable_color=\u00bbon\u00bb global_colors_info=\u00bb{}\u00bb follow_button=\u00bboff\u00bb url_new_window=\u00bbon\u00bb]X[\/et_pb_social_media_follow_network][et_pb_social_media_follow_network social_network=\u00bbinstagram\u00bb icon_color=\u00bb#171717&#8243; _builder_version=\u00bb4.27.4&#8243; _module_preset=\u00bbdefault\u00bb background_color=\u00bb#FFFFFF\u00bb background_enable_color=\u00bbon\u00bb global_colors_info=\u00bb{}\u00bb follow_button=\u00bboff\u00bb url_new_window=\u00bbon\u00bb]instagram[\/et_pb_social_media_follow_network][et_pb_social_media_follow_network social_network=\u00bbyoutube\u00bb icon_color=\u00bb#171717&#8243; _builder_version=\u00bb4.27.4&#8243; _module_preset=\u00bbdefault\u00bb background_color=\u00bb#FFFFFF\u00bb background_enable_color=\u00bbon\u00bb global_colors_info=\u00bb{}\u00bb follow_button=\u00bboff\u00bb url_new_window=\u00bbon\u00bb]youtube[\/et_pb_social_media_follow_network][et_pb_social_media_follow_network social_network=\u00bbtiktok\u00bb icon_color=\u00bb#171717&#8243; _builder_version=\u00bb4.27.4&#8243; _module_preset=\u00bbdefault\u00bb background_color=\u00bb#FFFFFF\u00bb background_enable_color=\u00bbon\u00bb global_colors_info=\u00bb{}\u00bb follow_button=\u00bboff\u00bb url_new_window=\u00bbon\u00bb]tiktok[\/et_pb_social_media_follow_network][\/et_pb_social_media_follow][\/et_pb_column][et_pb_column type=\u00bb1_3&#8243; _builder_version=\u00bb4.27.4&#8243; _module_preset=\u00bbdefault\u00bb global_colors_info=\u00bb{}\u00bb][et_pb_text _builder_version=\u00bb4.27.4&#8243; _module_preset=\u00bbdefault\u00bb text_font=\u00bbComfortaa||||||||\u00bb text_text_color=\u00bb#FFFFFF\u00bb text_font_size=\u00bb18px\u00bb animation_style=\u00bbfade\u00bb global_colors_info=\u00bb{}\u00bb]<\/p>\n<p><strong>OTROS ENLACES DE INTER\u00c9S<\/strong><\/p>\n<p>[\/et_pb_text][et_pb_divider color=\u00bb#FFFFFF\u00bb divider_weight=\u00bb3px\u00bb _builder_version=\u00bb4.27.4&#8243; _module_preset=\u00bbdefault\u00bb width=\u00bb23%\u00bb custom_margin=\u00bb-20px||10px||false|false\u00bb animation_style=\u00bbfade\u00bb global_colors_info=\u00bb{}\u00bb height__hover_enabled=\u00bboff|desktop\u00bb][\/et_pb_divider][et_pb_text _builder_version=\u00bb4.27.4&#8243; _module_preset=\u00bbdefault\u00bb text_font=\u00bb||||||||\u00bb text_text_color=\u00bb#FFFFFF\u00bb text_font_size=\u00bb13px\u00bb link_option_url=\u00bbhttps:\/\/www.gob.pe\/aurora\u00bb global_colors_info=\u00bb{}\u00bb]<\/p>\n<p><i class=\"fa-solid fa-person-dress\" style=\"color: #ffffff;\"><\/i> Programa Nacional AURORA<\/p>\n<p>[\/et_pb_text][et_pb_text _builder_version=\u00bb4.27.4&#8243; _module_preset=\u00bbdefault\u00bb text_font=\u00bbComfortaa||||||||\u00bb text_text_color=\u00bb#FFFFFF\u00bb text_font_size=\u00bb13px\u00bb custom_margin=\u00bb-30px||||false|false\u00bb link_option_url=\u00bbhttps:\/\/www.gob.pe\/pnp\u00bb global_colors_info=\u00bb{}\u00bb]<\/p>\n<p><i class=\"fa-solid fa-user-shield\" style=\"color: #ffffff;\"><\/i> Polic\u00eda Nacional del Per\u00fa<\/p>\n<p>[\/et_pb_text][et_pb_text _builder_version=\u00bb4.27.4&#8243; _module_preset=\u00bbdefault\u00bb text_font=\u00bb||||||||\u00bb text_text_color=\u00bb#FFFFFF\u00bb text_font_size=\u00bb13px\u00bb custom_margin=\u00bb-30px||||false|false\u00bb link_option_url=\u00bbhttps:\/\/www.gob.pe\/mpfn\u00bb global_colors_info=\u00bb{}\u00bb]<\/p>\n<p><i class=\"fa-solid fa-landmark\" style=\"color: #ffffff;\"><\/i> Ministerio P\u00fablico Fiscal\u00eda de la Naci\u00f3n<\/p>\n<p>[\/et_pb_text][et_pb_text _builder_version=\u00bb4.27.4&#8243; _module_preset=\u00bbdefault\u00bb text_font=\u00bb||||||||\u00bb text_text_color=\u00bb#FFFFFF\u00bb text_font_size=\u00bb13px\u00bb custom_margin=\u00bb-30px||||false|false\u00bb link_option_url=\u00bbhttps:\/\/www.gob.pe\/csjmoquegua\u00bb global_colors_info=\u00bb{}\u00bb]<\/p>\n<p><i class=\"fa-solid fa-gavel\" style=\"color: #ffffff;\"><\/i> Corte Superior de Moquegua<\/p>\n<p>[\/et_pb_text][et_pb_text _builder_version=\u00bb4.27.4&#8243; _module_preset=\u00bbdefault\u00bb text_font=\u00bb||||||||\u00bb text_text_color=\u00bb#FFFFFF\u00bb text_font_size=\u00bb13px\u00bb custom_margin=\u00bb-30px||||false|false\u00bb link_option_url=\u00bbhttps:\/\/www.defensoria.gob.pe\/\u00bb global_colors_info=\u00bb{}\u00bb]<\/p>\n<p><i class=\"fa-solid fa-people-roof\" style=\"color: #ffffff;\"><\/i> Defensor\u00eda del Pueblo<\/p>\n<p>[\/et_pb_text][\/et_pb_column][et_pb_column type=\u00bb1_3&#8243; _builder_version=\u00bb4.27.4&#8243; _module_preset=\u00bbdefault\u00bb global_colors_info=\u00bb{}\u00bb][et_pb_text _builder_version=\u00bb4.27.4&#8243; _module_preset=\u00bbdefault\u00bb text_font=\u00bbComfortaa||||||||\u00bb text_text_color=\u00bb#FFFFFF\u00bb text_font_size=\u00bb18px\u00bb animation_style=\u00bbfade\u00bb global_colors_info=\u00bb{}\u00bb]<\/p>\n<p>CONT\u00c1CTANOS<\/p>\n<p>[\/et_pb_text][et_pb_divider color=\u00bb#FFFFFF\u00bb divider_weight=\u00bb3px\u00bb _builder_version=\u00bb4.27.4&#8243; _module_preset=\u00bbdefault\u00bb width=\u00bb23%\u00bb custom_margin=\u00bb-20px||10px||false|false\u00bb animation_style=\u00bbfade\u00bb global_colors_info=\u00bb{}\u00bb height__hover_enabled=\u00bboff|desktop\u00bb][\/et_pb_divider][et_pb_text _builder_version=\u00bb4.27.4&#8243; _module_preset=\u00bbdefault\u00bb text_font=\u00bbComfortaa||||||||\u00bb text_text_color=\u00bb#FFFFFF\u00bb text_font_size=\u00bb15px\u00bb global_colors_info=\u00bb{}\u00bb]<i class=\"fa-regular fa-map\" style=\"color: #ffffff;\"><\/i> <strong>UBICACI\u00d3N<\/strong>[\/et_pb_text][et_pb_text _builder_version=\u00bb4.27.4&#8243; _module_preset=\u00bbdefault\u00bb text_text_color=\u00bb#FFFFFF\u00bb text_font_size=\u00bb13px\u00bb custom_margin=\u00bb-40px||||false|false\u00bb link_option_url=\u00bbhttps:\/\/maps.app.goo.gl\/fFNTHpkc1uU2MP2Y8&#8243; global_colors_info=\u00bb{}\u00bb]<\/p>\n<p>Av. Malec\u00f3n Mariscal Domingo Nieto S\/N Sector el \u00abGramadal\u00bb<\/p>\n<p>[\/et_pb_text][et_pb_text _builder_version=\u00bb4.27.4&#8243; _module_preset=\u00bbdefault\u00bb text_font=\u00bbComfortaa||||||||\u00bb text_text_color=\u00bb#FFFFFF\u00bb text_font_size=\u00bb15px\u00bb custom_margin=\u00bb-20px||||false|false\u00bb global_colors_info=\u00bb{}\u00bb]<\/p>\n<p><i class=\"fa-regular fa-envelope\" style=\"color: #ffffff;\"><\/i> <strong>EMAIL<\/strong><\/p>\n<p>[\/et_pb_text][et_pb_text _builder_version=\u00bb4.27.4&#8243; _module_preset=\u00bbdefault\u00bb text_text_color=\u00bb#FFFFFF\u00bb text_font_size=\u00bb13px\u00bb custom_margin=\u00bb-40px||||false|false\u00bb link_option_url=\u00bbobservatorio@regionmoquegua.gob.pe\u00bb global_colors_info=\u00bb{}\u00bb]<\/p>\n<p>observatorio@regionmoquegua.gob.pe<\/p>\n<p>[\/et_pb_text][et_pb_text _builder_version=\u00bb4.27.4&#8243; _module_preset=\u00bbdefault\u00bb text_font=\u00bbComfortaa||||||||\u00bb text_text_color=\u00bb#FFFFFF\u00bb text_font_size=\u00bb15px\u00bb custom_margin=\u00bb-20px||||false|false\u00bb global_colors_info=\u00bb{}\u00bb]<\/p>\n<p><i class=\"fa-solid fa-phone\" style=\"color: #ffffff;\"><\/i> <strong>TEL\u00c9FONO<\/strong><\/p>\n<p>[\/et_pb_text][et_pb_text _builder_version=\u00bb4.27.4&#8243; _module_preset=\u00bbdefault\u00bb text_text_color=\u00bb#FFFFFF\u00bb text_font_size=\u00bb13px\u00bb custom_margin=\u00bb-40px||||false|false\u00bb link_option_url=\u00bbobservatorio@regionmoquegua.gob.pe\u00bb global_colors_info=\u00bb{}\u00bb]<\/p>\n<p>955352738 \/ 053-584550<\/p>\n<p>[\/et_pb_text][\/et_pb_column][\/et_pb_row][\/et_pb_section]<\/p>\n","protected":false},"excerpt":{"rendered":"<p>\u00a0 RED DE SERVICIOS DE ATENCI\u00d3N REGI\u00d3N: MOQUEGUA TEL\u00c9FONO: 053 &#8211; 584550-11 DIRECCI\u00d3N: MALEC\u00d3N MARISCAL DOMINGO NIETO 1-B S\/N SECTOR EL GRAMADAL, MOQUEGUA &#8211; PER\u00da. RESPONSABLE: DIANIRA ANGELICA MEZA MENDOZA CARGO: SUB GERENTE DE DESARROLLO E INCLUSI\u00d3N SOCIAL CELULAR PERS: 953352738 CORREOS: ttapia@regionmoquegua.gob.pe REGI\u00d3N: MOQUEGUA TEL\u00c9FONO: 053 462217 CELULAR: 953718850 DIRECCI\u00d3N: AV. SIM\u00d3N BOL\u00cdVAR S\/N [&hellip;]<\/p>\n","protected":false},"author":1,"featured_media":0,"parent":0,"menu_order":0,"comment_status":"closed","ping_status":"closed","template":"","meta":{"_et_pb_use_builder":"on","_et_pb_old_content":"","_et_gb_content_width":"","footnotes":""},"class_list":["post-1331","page","type-page","status-publish","hentry"],"jetpack_sharing_enabled":true,"_links":{"self":[{"href":"https:\/\/observatorio.regionmoquegua.gob.pe\/index.php\/wp-json\/wp\/v2\/pages\/1331","targetHints":{"allow":["GET"]}}],"collection":[{"href":"https:\/\/observatorio.regionmoquegua.gob.pe\/index.php\/wp-json\/wp\/v2\/pages"}],"about":[{"href":"https:\/\/observatorio.regionmoquegua.gob.pe\/index.php\/wp-json\/wp\/v2\/types\/page"}],"author":[{"embeddable":true,"href":"https:\/\/observatorio.regionmoquegua.gob.pe\/index.php\/wp-json\/wp\/v2\/users\/1"}],"replies":[{"embeddable":true,"href":"https:\/\/observatorio.regionmoquegua.gob.pe\/index.php\/wp-json\/wp\/v2\/comments?post=1331"}],"version-history":[{"count":4,"href":"https:\/\/observatorio.regionmoquegua.gob.pe\/index.php\/wp-json\/wp\/v2\/pages\/1331\/revisions"}],"predecessor-version":[{"id":3010,"href":"https:\/\/observatorio.regionmoquegua.gob.pe\/index.php\/wp-json\/wp\/v2\/pages\/1331\/revisions\/3010"}],"wp:attachment":[{"href":"https:\/\/observatorio.regionmoquegua.gob.pe\/index.php\/wp-json\/wp\/v2\/media?parent=1331"}],"curies":[{"name":"wp","href":"https:\/\/api.w.org\/{rel}","templated":true}]}}