{"id":2559,"date":"2025-05-22T14:09:24","date_gmt":"2025-05-22T19:09:24","guid":{"rendered":"https:\/\/observatorio.regionmoquegua.gob.pe\/?page_id=2559"},"modified":"2025-05-22T14:25:09","modified_gmt":"2025-05-22T19:25:09","slug":"normatividad-ordenanzas-regionales","status":"publish","type":"page","link":"https:\/\/observatorio.regionmoquegua.gob.pe\/index.php\/normatividad-ordenanzas-regionales\/","title":{"rendered":"Normatividad &#8211; Ordenanzas"},"content":{"rendered":"<p>[et_pb_section fb_built=\u00bb1&#8243; theme_builder_area=\u00bbpost_content\u00bb _builder_version=\u00bb4.27.4&#8243; _module_preset=\u00bbdefault\u00bb da_is_popup=\u00bboff\u00bb da_exit_intent=\u00bboff\u00bb da_has_close=\u00bbon\u00bb da_alt_close=\u00bboff\u00bb da_dark_close=\u00bboff\u00bb da_not_modal=\u00bbon\u00bb da_is_singular=\u00bboff\u00bb da_with_loader=\u00bboff\u00bb da_has_shadow=\u00bbon\u00bb da_disable_devices=\u00bboff|off|off\u00bb][et_pb_row _builder_version=\u00bb4.27.4&#8243; _module_preset=\u00bbdefault\u00bb vertical_offset=\u00bb-25px\u00bb global_colors_info=\u00bb{}\u00bb theme_builder_area=\u00bbpost_content\u00bb][et_pb_column type=\u00bb4_4&#8243; _builder_version=\u00bb4.27.4&#8243; _module_preset=\u00bbdefault\u00bb global_colors_info=\u00bb{}\u00bb theme_builder_area=\u00bbpost_content\u00bb][et_pb_text _builder_version=\u00bb4.27.4&#8243; _module_preset=\u00bbdefault\u00bb text_font=\u00bbComfortaa||||||||\u00bb text_font_size=\u00bb23px\u00bb animation_style=\u00bbfade\u00bb hover_enabled=\u00bb0&#8243; global_colors_info=\u00bb{}\u00bb theme_builder_area=\u00bbpost_content\u00bb sticky_enabled=\u00bb0&#8243;]<\/p>\n<p>ORDENANZAS<\/p>\n<p>[\/et_pb_text][et_pb_divider color=\u00bb#c40017&#8243; divider_weight=\u00bb3px\u00bb _builder_version=\u00bb4.27.4&#8243; _module_preset=\u00bbdefault\u00bb custom_margin=\u00bb-10px||-10px||false|false\u00bb animation_style=\u00bbfade\u00bb global_colors_info=\u00bb{}\u00bb theme_builder_area=\u00bbpost_content\u00bb][\/et_pb_divider][\/et_pb_column][\/et_pb_row][et_pb_row _builder_version=\u00bb4.27.4&#8243; _module_preset=\u00bbdefault\u00bb hover_enabled=\u00bb0&#8243; global_colors_info=\u00bb{}\u00bb locked=\u00bboff\u00bb theme_builder_area=\u00bbpost_content\u00bb vertical_offset=\u00bb-45px\u00bb sticky_enabled=\u00bb0&#8243;][et_pb_column type=\u00bb4_4&#8243; _builder_version=\u00bb4.18.0&#8243; _module_preset=\u00bbdefault\u00bb global_colors_info=\u00bb{}\u00bb theme_builder_area=\u00bbpost_content\u00bb][et_pb_accordion _builder_version=\u00bb4.27.4&#8243; _module_preset=\u00bbdefault\u00bb global_colors_info=\u00bb{}\u00bb theme_builder_area=\u00bbpost_content\u00bb][et_pb_accordion_item title=\u00bbORDENANZAS REGIONALES\u00bb open_toggle_background_color=\u00bb#FFFFFF\u00bb toggle_icon=\u00bb&#xe004;||divi||400&#8243; _builder_version=\u00bb4.27.4&#8243; _module_preset=\u00bbdefault\u00bb background_color=\u00bb#FFFFFF\u00bb background_enable_color=\u00bbon\u00bb box_shadow_style=\u00bbpreset2&#8243; global_colors_info=\u00bb{}\u00bb open=\u00bbon\u00bb theme_builder_area=\u00bbpost_content\u00bb]<\/p>\n<ul>\n<li><a href=\"http:\/\/observatorio.regionmoquegua.gob.pe\/wp-content\/uploads\/2025\/02\/ORDENANZA-REGIONAL-08-2021-CR-GRM.pdf\" rel=\"attachment wp-att-2076\">ORDENANZA REGIONAL 08-2021 CR-GRM<\/a><a href=\"http:\/\/observatorio.regionmoquegua.gob.pe\/wp-content\/uploads\/2022\/09\/INSTANCIA-REGIONAL-03-2020-IRC-MODIFICA-ORDENANZA.pdf\" target=\"_blank\" rel=\"noopener\" title=\"INSTANCIA REGIONAL 03-2020 IRC MODIFICA ORDENANZA\"><\/a><\/li>\n<li><a href=\"http:\/\/observatorio.regionmoquegua.gob.pe\/wp-content\/uploads\/2022\/09\/INSTANCIA-REGIONAL-03-2020-IRC-MODIFICA-ORDENANZA.pdf\" target=\"_blank\" rel=\"noopener\" title=\"INSTANCIA REGIONAL 03-2020 IRC MODIFICA ORDENANZA\">INSTANCIA REGIONAL 03-2020 IRC MODIFICA ORDENANZA<\/a><\/li>\n<li><a href=\"http:\/\/observatorio.regionmoquegua.gob.pe\/wp-content\/uploads\/2022\/09\/INSTANCIA-REGIONAL-MOQUEGUA-ANTERIOR.pdf\" target=\"_blank\" rel=\"noopener\" title=\"INSTANCIA REGIONAL MOQUEGUA ANTERIOR\">INSTANCIA REGIONAL MOQUEGUA ANTERIOR<\/a><\/li>\n<li><a href=\"http:\/\/observatorio.regionmoquegua.gob.pe\/wp-content\/uploads\/2022\/10\/ORDENANZA-REGIONAL-CREACION-DEL-OBSERVATORIO-NACIONAL.pdf\">ORDENANZA REGIONAL CREACION DEL OBSERVATORIO NACIONAL<\/a><\/li>\n<\/ul>\n<p>[\/et_pb_accordion_item][et_pb_accordion_item title=\u00bbORDENANZAS PROVINCIALES\u00bb toggle_icon=\u00bb&#xe004;||divi||400&#8243; _builder_version=\u00bb4.27.4&#8243; _module_preset=\u00bbdefault\u00bb box_shadow_style=\u00bbpreset2&#8243; global_colors_info=\u00bb{}\u00bb open=\u00bboff\u00bb theme_builder_area=\u00bbpost_content\u00bb]<\/p>\n<ul>\n<li><a href=\"http:\/\/observatorio.regionmoquegua.gob.pe\/wp-content\/uploads\/2025\/02\/ORDENANZA-MUNICIPAL_MUNICIPALIDAD-PROVINCIAL-MARISCAL-NIETO_N_011-2018-MPMN.pdf\" rel=\"attachment noopener wp-att-2066\" target=\"_blank\">ORDENANZA MUNICIPAL_MUNICIPALIDAD PROVINCIAL MARISCAL NIETO_N_011-2018-MPMN<\/a><\/li>\n<li><a href=\"http:\/\/observatorio.regionmoquegua.gob.pe\/wp-content\/uploads\/2025\/02\/ORDENANZA-MUNICIPAL_MUNICIPALIDAD-PROVINCIAL-GENERAL-SANCHEZ-CERRO_N_015-2018-MPGSC.pdf\" rel=\"attachment noopener wp-att-2065\" target=\"_blank\">ORDENANZA MUNICIPAL_MUNICIPALIDAD PROVINCIAL GENERAL SANCHEZ CERRO_N_015-2018-MPGSC<\/a><\/li>\n<li><a href=\"http:\/\/observatorio.regionmoquegua.gob.pe\/wp-content\/uploads\/2025\/02\/ORDENANZA-MUNICIPAL_MUNICIPALIDAD-PROVINCIAL-DE-ILO_N_622-2017-MPI.pdf\" rel=\"attachment noopener wp-att-2064\" target=\"_blank\">ORDENANZA MUNICIPAL_MUNICIPALIDAD PROVINCIAL DE ILO_N_622-2017-MPI<\/a><\/li>\n<\/ul>\n<p>[\/et_pb_accordion_item][et_pb_accordion_item title=\u00bbORDENANZAS DISTRITALES\u00bb open=\u00bboff\u00bb toggle_icon=\u00bb&#xe004;||divi||400&#8243; _builder_version=\u00bb4.27.4&#8243; _module_preset=\u00bbdefault\u00bb box_shadow_style=\u00bbpreset2&#8243; global_colors_info=\u00bb{}\u00bb theme_builder_area=\u00bbpost_content\u00bb]<\/p>\n<ul>\n<li><a href=\"http:\/\/observatorio.regionmoquegua.gob.pe\/wp-content\/uploads\/2025\/02\/ORDENANZA-MUNICIPAL_MUNICIPALIDAD-DISTRITAL-EL-ALGARROBAL_N_004-2023-MDEA.pdf\" title=\"ORDENANZA-MUNICIPAL_MUNICIPALIDAD-DISTRITAL-EL-ALGARROBAL_N_004-2023-MDEA\" target=\"_blank\" rel=\"noopener\">ORDENANZA-MUNICIPAL_MUNICIPALIDAD-DISTRITAL-EL-ALGARROBAL_N_004-2023-MDEA<\/a><\/li>\n<li><a href=\"http:\/\/observatorio.regionmoquegua.gob.pe\/wp-content\/uploads\/2025\/02\/ORDENANZA-MUNICIPAL_MUNICIPALIDAD-DISTRITAL-DE-YUNGA_N_006-2023-MDY.pdf\" rel=\"attachment noopener wp-att-2062\" target=\"_blank\">ORDENANZA MUNICIPAL_MUNICIPALIDAD DISTRITAL DE YUNGA_N_006-2023-MDY<\/a><\/li>\n<li><a href=\"http:\/\/observatorio.regionmoquegua.gob.pe\/wp-content\/uploads\/2025\/02\/ORDENANZA-MUNICIPAL_MUNICIPALIDAD-DISTRITAL-DE-UBINAS_N_026-2022-MDU.pdf\" rel=\"attachment noopener wp-att-2061\" target=\"_blank\">ORDENANZA MUNICIPAL_MUNICIPALIDAD DISTRITAL DE UBINAS_N_026-2022-MDU<\/a><\/li>\n<li><a href=\"http:\/\/observatorio.regionmoquegua.gob.pe\/wp-content\/uploads\/2025\/02\/ORDENANZA-MUNICIPAL_MUNICIPALIDAD-DISTRITAL-DE-TORATA_N_001-2020-MDT.pdf\" rel=\"attachment noopener wp-att-2060\" target=\"_blank\">ORDENANZA MUNICIPAL_MUNICIPALIDAD DISTRITAL DE TORATA_N_001-2020-MDT<\/a><\/li>\n<li><a href=\"http:\/\/observatorio.regionmoquegua.gob.pe\/wp-content\/uploads\/2025\/02\/ORDENANZA-MUNICIPAL_MUNICIPALIDAD-DISTRITAL-DE-SAN-CRISTOBAL_N_020-2023-MDSC.pdf\" rel=\"attachment noopener wp-att-2059\" target=\"_blank\">ORDENANZA MUNICIPAL_MUNICIPALIDAD DISTRITA L DE SAN CRISTOBAL_N_020-2023-MDSC<\/a><\/li>\n<li><a href=\"http:\/\/observatorio.regionmoquegua.gob.pe\/wp-content\/uploads\/2025\/02\/ORDENANZA-MUNICIPAL_MUNICIPALIDAD-DISTRITAL-DE-SAN-ANTONIO_N_021-2023-MDSA.pdf\" rel=\"attachment noopener wp-att-2058\" target=\"_blank\">ORDENANZA MUNICIPAL_MUNICIPALIDAD DISTRITAL DE SAN ANTONIO_N_021-2023-MDSA<\/a><\/li>\n<li><a href=\"http:\/\/observatorio.regionmoquegua.gob.pe\/wp-content\/uploads\/2025\/02\/ORDENANZA-MUNICIPAL_MUNICIPALIDAD-DISTRITAL-DE-SAMEGUA_N_001-2023-MDS.pdf\" rel=\"attachment noopener wp-att-2057\" target=\"_blank\">ORDENANZA MUNICIPAL_MUNICIPALIDAD DISTRITAL DE SAMEGUA_N_001-2023-MDS<\/a><\/li>\n<li><a href=\"http:\/\/observatorio.regionmoquegua.gob.pe\/wp-content\/uploads\/2025\/02\/ORDENANZA-MUNICIPAL_MUNICIPALIDAD-DISTRITAL-DE-QUINISTAQUILLAS_N_009-2023-MDQ.pdf\" rel=\"attachment noopener wp-att-2056\" target=\"_blank\">ORDENANZA MUNICIPAL_MUNICIPALIDAD DISTRITAL DE QUINISTAQUILLAS_N_009-2023-MDQ<\/a><\/li>\n<li><a href=\"http:\/\/observatorio.regionmoquegua.gob.pe\/wp-content\/uploads\/2025\/02\/ORDENANZA-MUNICIPAL_MUNICIPALIDAD-DISTRITAL-DE-PUQUINA_N_013-2024-MDP.pdf\" rel=\"attachment noopener wp-att-2055\" target=\"_blank\">ORDENANZA MUNICIPAL_MUNICIPALIDAD DISTRITAL DE PUQUINA_N_013-2024-MDP<\/a><\/li>\n<li><a href=\"http:\/\/observatorio.regionmoquegua.gob.pe\/wp-content\/uploads\/2025\/02\/ORDENANZA-MUNICIPAL_MUNICIPALIDAD-DISTRITAL-DE-PACOCHA_N_006-2023-MDP.pdf\" rel=\"attachment noopener wp-att-2054\" target=\"_blank\">ORDENANZA MUNICIPAL_MUNICIPALIDAD DISTRITAL DE PACOCHA_N_006-2023-MDP<\/a><\/li>\n<li><a href=\"http:\/\/observatorio.regionmoquegua.gob.pe\/wp-content\/uploads\/2025\/02\/ORDENANZA-MUNICIPAL_MUNICIPALIDAD-DISTRITAL-DE-MATALAQUE_N_004-2023-MDM.pdf\" rel=\"attachment noopener wp-att-2053\" target=\"_blank\">ORDENANZA MUNICIPAL_MUNICIPALIDAD DISTRITAL DE MATALAQUE_N_004-2023-MDM<\/a><\/li>\n<li><a href=\"http:\/\/observatorio.regionmoquegua.gob.pe\/wp-content\/uploads\/2025\/02\/ORDENANZA-MUNICIPAL_MUNICIPALIDAD-DISTRITAL-DE-LLOQUE_N_003-2023-MDLL.pdf\" rel=\"attachment noopener wp-att-2052\" target=\"_blank\">ORDENANZA MUNICIPAL_MUNICIPALIDAD DISTRITAL DE LLOQUE_N_003-2023-MDLL<\/a><\/li>\n<li><a href=\"http:\/\/observatorio.regionmoquegua.gob.pe\/wp-content\/uploads\/2025\/02\/ORDENANZA-MUNICIPAL_MUNICIPALIDAD-DISTRITAL-DE-LA-CAPILLA_N_008-2024-MDLC.pdf\" rel=\"attachment noopener wp-att-2051\" target=\"_blank\">ORDENANZA MUNICIPAL_MUNICIPALIDAD DISTRITAL DE LA CAPILLA_N_008-2024-MDLC<\/a><\/li>\n<li><a href=\"http:\/\/observatorio.regionmoquegua.gob.pe\/wp-content\/uploads\/2025\/02\/ORDENANZA-MUNICIPAL_MUNICIPALIDAD-DISTRITAL-DE-ICHUNA_N_007-2019-MDI.pdf\" rel=\"attachment noopener wp-att-2050\" target=\"_blank\">ORDENANZA MUNICIPAL_MUNICIPALIDAD DISTRITAL DE ICHU\u00d1A_N_007-2019-MDI<\/a><\/li>\n<li><a href=\"http:\/\/observatorio.regionmoquegua.gob.pe\/wp-content\/uploads\/2025\/02\/ORDENANZA-MUNICIPAL_MUNICIPALIDAD-DISTRITAL-DE-CUCHUMBAYA_N_003-2024-MDC.pdf\" rel=\"attachment noopener wp-att-2049\" target=\"_blank\">ORDENANZA MUNICIPAL_MUNICIPALIDAD DISTRITAL DE CUCHUMBAYA_N_003-2024-MDC<\/a><\/li>\n<li><a href=\"http:\/\/observatorio.regionmoquegua.gob.pe\/wp-content\/uploads\/2025\/02\/ORDENANZA-MUNICIPAL_MUNICIPALIDAD-DISTRITAL-DE-COALAQUE_N_001-2025-MDC.pdf\" rel=\"attachment noopener wp-att-2048\" target=\"_blank\">ORDENANZA MUNICIPAL_MUNICIPALIDAD DISTRITAL DE COALAQUE_N_001-2025-MDC<\/a><\/li>\n<li><a href=\"http:\/\/observatorio.regionmoquegua.gob.pe\/wp-content\/uploads\/2025\/02\/ORDENANZA-MUNICIPAL_MUNICIAPLIDAD-DISTRITAL-DE-CHOJATA_N_008-2024-MDCH.pdf\" rel=\"attachment noopener wp-att-2046\" target=\"_blank\">ORDENANZA MUNICIPAL_MUNICIAPLIDAD DISTRITAL DE CHOJATA_N_008-2024-MDCH<\/a><\/li>\n<li><a href=\"http:\/\/observatorio.regionmoquegua.gob.pe\/wp-content\/uploads\/2025\/02\/ORDENANZA-MUNICIPAL_MUNICIPALIDAD-DISTRITAL-DE-CARUMAS_N_002-2022-MDC.pdf\" rel=\"attachment noopener wp-att-2047\" target=\"_blank\">ORDENANZA MUNICIPAL_MUNICIPALIDAD DISTRITAL DE CARUMAS_N_002-2022-MDC<\/a><\/li>\n<\/ul>\n<p>[\/et_pb_accordion_item][\/et_pb_accordion][\/et_pb_column][\/et_pb_row][\/et_pb_section][et_pb_section fb_built=\u00bb1&#8243; _builder_version=\u00bb4.27.4&#8243; _module_preset=\u00bbdefault\u00bb background_color=\u00bb#171717&#8243; da_disable_devices=\u00bboff|off|off\u00bb saved_tabs=\u00bball\u00bb global_colors_info=\u00bb{}\u00bb theme_builder_area=\u00bbpost_content\u00bb da_is_popup=\u00bboff\u00bb da_exit_intent=\u00bboff\u00bb da_has_close=\u00bbon\u00bb da_alt_close=\u00bboff\u00bb da_dark_close=\u00bboff\u00bb da_not_modal=\u00bbon\u00bb da_is_singular=\u00bboff\u00bb da_with_loader=\u00bboff\u00bb da_has_shadow=\u00bbon\u00bb][et_pb_row column_structure=\u00bb1_3,1_3,1_3&#8243; _builder_version=\u00bb4.27.4&#8243; _module_preset=\u00bbdefault\u00bb max_width=\u00bb1500px\u00bb custom_margin=\u00bb-10px||-60px||false|false\u00bb custom_padding=\u00bb||||false|false\u00bb global_colors_info=\u00bb{}\u00bb theme_builder_area=\u00bbpost_content\u00bb][et_pb_column type=\u00bb1_3&#8243; _builder_version=\u00bb4.27.4&#8243; _module_preset=\u00bbdefault\u00bb global_colors_info=\u00bb{}\u00bb theme_builder_area=\u00bbpost_content\u00bb][et_pb_image src=\u00bbhttp:\/\/observatorio.regionmoquegua.gob.pe\/wp-content\/uploads\/2025\/05\/GORE-B.png\u00bb title_text=\u00bbGORE B\u00bb _builder_version=\u00bb4.27.4&#8243; _module_preset=\u00bbdefault\u00bb width=\u00bb40%\u00bb module_alignment=\u00bbcenter\u00bb custom_margin=\u00bb30px||||false|false\u00bb animation_style=\u00bbfade\u00bb global_colors_info=\u00bb{}\u00bb theme_builder_area=\u00bbpost_content\u00bb][\/et_pb_image][et_pb_text _builder_version=\u00bb4.27.4&#8243; _module_preset=\u00bbdefault\u00bb text_font=\u00bbAboreto||||||||\u00bb text_text_color=\u00bb#FFFFFF\u00bb custom_margin=\u00bb-20px||||false|false\u00bb global_colors_info=\u00bb{}\u00bb theme_builder_area=\u00bbpost_content\u00bb]<\/p>\n<p style=\"text-align: center;\">\u00abUna Regi\u00f3n de Oportunidades\u00bb<\/p>\n<p>[\/et_pb_text][et_pb_social_media_follow _builder_version=\u00bb4.27.4&#8243; _module_preset=\u00bbdefault\u00bb text_orientation=\u00bbcenter\u00bb custom_margin=\u00bb-20px||||false|false\u00bb global_colors_info=\u00bb{}\u00bb theme_builder_area=\u00bbpost_content\u00bb][et_pb_social_media_follow_network social_network=\u00bbfacebook\u00bb url=\u00bbhttps:\/\/www.facebook.com\/gob.regionalmoq\u00bb icon_color=\u00bb#171717&#8243; _builder_version=\u00bb4.27.4&#8243; _module_preset=\u00bbdefault\u00bb background_color=\u00bb#FFFFFF\u00bb background_enable_color=\u00bbon\u00bb global_colors_info=\u00bb{}\u00bb theme_builder_area=\u00bbpost_content\u00bb follow_button=\u00bboff\u00bb url_new_window=\u00bbon\u00bb]facebook[\/et_pb_social_media_follow_network][et_pb_social_media_follow_network social_network=\u00bbtwitter\u00bb icon_color=\u00bb#171717&#8243; _builder_version=\u00bb4.27.4&#8243; _module_preset=\u00bbdefault\u00bb background_color=\u00bb#FFFFFF\u00bb background_enable_color=\u00bbon\u00bb global_colors_info=\u00bb{}\u00bb theme_builder_area=\u00bbpost_content\u00bb follow_button=\u00bboff\u00bb url_new_window=\u00bbon\u00bb]X[\/et_pb_social_media_follow_network][et_pb_social_media_follow_network social_network=\u00bbinstagram\u00bb icon_color=\u00bb#171717&#8243; _builder_version=\u00bb4.27.4&#8243; _module_preset=\u00bbdefault\u00bb background_color=\u00bb#FFFFFF\u00bb background_enable_color=\u00bbon\u00bb global_colors_info=\u00bb{}\u00bb theme_builder_area=\u00bbpost_content\u00bb follow_button=\u00bboff\u00bb url_new_window=\u00bbon\u00bb]instagram[\/et_pb_social_media_follow_network][et_pb_social_media_follow_network social_network=\u00bbyoutube\u00bb icon_color=\u00bb#171717&#8243; _builder_version=\u00bb4.27.4&#8243; _module_preset=\u00bbdefault\u00bb background_color=\u00bb#FFFFFF\u00bb background_enable_color=\u00bbon\u00bb global_colors_info=\u00bb{}\u00bb theme_builder_area=\u00bbpost_content\u00bb follow_button=\u00bboff\u00bb url_new_window=\u00bbon\u00bb]youtube[\/et_pb_social_media_follow_network][et_pb_social_media_follow_network social_network=\u00bbtiktok\u00bb icon_color=\u00bb#171717&#8243; _builder_version=\u00bb4.27.4&#8243; _module_preset=\u00bbdefault\u00bb background_color=\u00bb#FFFFFF\u00bb background_enable_color=\u00bbon\u00bb global_colors_info=\u00bb{}\u00bb theme_builder_area=\u00bbpost_content\u00bb follow_button=\u00bboff\u00bb url_new_window=\u00bbon\u00bb]tiktok[\/et_pb_social_media_follow_network][\/et_pb_social_media_follow][\/et_pb_column][et_pb_column type=\u00bb1_3&#8243; _builder_version=\u00bb4.27.4&#8243; _module_preset=\u00bbdefault\u00bb global_colors_info=\u00bb{}\u00bb theme_builder_area=\u00bbpost_content\u00bb][et_pb_text _builder_version=\u00bb4.27.4&#8243; _module_preset=\u00bbdefault\u00bb text_font=\u00bbComfortaa||||||||\u00bb text_text_color=\u00bb#FFFFFF\u00bb text_font_size=\u00bb18px\u00bb animation_style=\u00bbfade\u00bb global_colors_info=\u00bb{}\u00bb theme_builder_area=\u00bbpost_content\u00bb]<\/p>\n<p><strong>OTROS ENLACES DE INTER\u00c9S<\/strong><\/p>\n<p>[\/et_pb_text][et_pb_divider color=\u00bb#FFFFFF\u00bb divider_weight=\u00bb3px\u00bb _builder_version=\u00bb4.27.4&#8243; _module_preset=\u00bbdefault\u00bb width=\u00bb23%\u00bb custom_margin=\u00bb-20px||10px||false|false\u00bb animation_style=\u00bbfade\u00bb global_colors_info=\u00bb{}\u00bb height__hover_enabled=\u00bboff|desktop\u00bb theme_builder_area=\u00bbpost_content\u00bb][\/et_pb_divider][et_pb_text _builder_version=\u00bb4.27.4&#8243; _module_preset=\u00bbdefault\u00bb text_font=\u00bb||||||||\u00bb text_text_color=\u00bb#FFFFFF\u00bb text_font_size=\u00bb13px\u00bb link_option_url=\u00bbhttps:\/\/www.gob.pe\/aurora\u00bb global_colors_info=\u00bb{}\u00bb theme_builder_area=\u00bbpost_content\u00bb]<\/p>\n<p><i class=\"fa-solid fa-person-dress\" style=\"color: #ffffff;\"><\/i> Programa Nacional AURORA<\/p>\n<p>[\/et_pb_text][et_pb_text _builder_version=\u00bb4.27.4&#8243; _module_preset=\u00bbdefault\u00bb text_font=\u00bbComfortaa||||||||\u00bb text_text_color=\u00bb#FFFFFF\u00bb text_font_size=\u00bb13px\u00bb custom_margin=\u00bb-30px||||false|false\u00bb link_option_url=\u00bbhttps:\/\/www.gob.pe\/pnp\u00bb global_colors_info=\u00bb{}\u00bb theme_builder_area=\u00bbpost_content\u00bb]<\/p>\n<p><i class=\"fa-solid fa-user-shield\" style=\"color: #ffffff;\"><\/i> Polic\u00eda Nacional del Per\u00fa<\/p>\n<p>[\/et_pb_text][et_pb_text _builder_version=\u00bb4.27.4&#8243; _module_preset=\u00bbdefault\u00bb text_font=\u00bb||||||||\u00bb text_text_color=\u00bb#FFFFFF\u00bb text_font_size=\u00bb13px\u00bb custom_margin=\u00bb-30px||||false|false\u00bb link_option_url=\u00bbhttps:\/\/www.gob.pe\/mpfn\u00bb global_colors_info=\u00bb{}\u00bb theme_builder_area=\u00bbpost_content\u00bb]<\/p>\n<p><i class=\"fa-solid fa-landmark\" style=\"color: #ffffff;\"><\/i> Ministerio P\u00fablico Fiscal\u00eda de la Naci\u00f3n<\/p>\n<p>[\/et_pb_text][et_pb_text _builder_version=\u00bb4.27.4&#8243; _module_preset=\u00bbdefault\u00bb text_font=\u00bb||||||||\u00bb text_text_color=\u00bb#FFFFFF\u00bb text_font_size=\u00bb13px\u00bb custom_margin=\u00bb-30px||||false|false\u00bb link_option_url=\u00bbhttps:\/\/www.gob.pe\/csjmoquegua\u00bb global_colors_info=\u00bb{}\u00bb theme_builder_area=\u00bbpost_content\u00bb]<\/p>\n<p><i class=\"fa-solid fa-gavel\" style=\"color: #ffffff;\"><\/i> Corte Superior de Moquegua<\/p>\n<p>[\/et_pb_text][et_pb_text _builder_version=\u00bb4.27.4&#8243; _module_preset=\u00bbdefault\u00bb text_font=\u00bb||||||||\u00bb text_text_color=\u00bb#FFFFFF\u00bb text_font_size=\u00bb13px\u00bb custom_margin=\u00bb-30px||||false|false\u00bb link_option_url=\u00bbhttps:\/\/www.defensoria.gob.pe\/\u00bb global_colors_info=\u00bb{}\u00bb theme_builder_area=\u00bbpost_content\u00bb]<\/p>\n<p><i class=\"fa-solid fa-people-roof\" style=\"color: #ffffff;\"><\/i> Defensor\u00eda del Pueblo<\/p>\n<p>[\/et_pb_text][\/et_pb_column][et_pb_column type=\u00bb1_3&#8243; _builder_version=\u00bb4.27.4&#8243; _module_preset=\u00bbdefault\u00bb global_colors_info=\u00bb{}\u00bb theme_builder_area=\u00bbpost_content\u00bb][et_pb_text _builder_version=\u00bb4.27.4&#8243; _module_preset=\u00bbdefault\u00bb text_font=\u00bbComfortaa||||||||\u00bb text_text_color=\u00bb#FFFFFF\u00bb text_font_size=\u00bb18px\u00bb animation_style=\u00bbfade\u00bb global_colors_info=\u00bb{}\u00bb theme_builder_area=\u00bbpost_content\u00bb]<\/p>\n<p>CONT\u00c1CTANOS<\/p>\n<p>[\/et_pb_text][et_pb_divider color=\u00bb#FFFFFF\u00bb divider_weight=\u00bb3px\u00bb _builder_version=\u00bb4.27.4&#8243; _module_preset=\u00bbdefault\u00bb width=\u00bb23%\u00bb custom_margin=\u00bb-20px||10px||false|false\u00bb animation_style=\u00bbfade\u00bb global_colors_info=\u00bb{}\u00bb height__hover_enabled=\u00bboff|desktop\u00bb theme_builder_area=\u00bbpost_content\u00bb][\/et_pb_divider][et_pb_text _builder_version=\u00bb4.27.4&#8243; _module_preset=\u00bbdefault\u00bb text_font=\u00bbComfortaa||||||||\u00bb text_text_color=\u00bb#FFFFFF\u00bb text_font_size=\u00bb15px\u00bb global_colors_info=\u00bb{}\u00bb theme_builder_area=\u00bbpost_content\u00bb]<i class=\"fa-regular fa-map\" style=\"color: #ffffff;\"><\/i> <strong>UBICACI\u00d3N<\/strong>[\/et_pb_text][et_pb_text _builder_version=\u00bb4.27.4&#8243; _module_preset=\u00bbdefault\u00bb text_text_color=\u00bb#FFFFFF\u00bb text_font_size=\u00bb13px\u00bb custom_margin=\u00bb-40px||||false|false\u00bb link_option_url=\u00bbhttps:\/\/maps.app.goo.gl\/fFNTHpkc1uU2MP2Y8&#8243; global_colors_info=\u00bb{}\u00bb theme_builder_area=\u00bbpost_content\u00bb]<\/p>\n<p>Av. Malec\u00f3n Mariscal Domingo Nieto S\/N Sector el \u00abGramadal\u00bb<\/p>\n<p>[\/et_pb_text][et_pb_text _builder_version=\u00bb4.27.4&#8243; _module_preset=\u00bbdefault\u00bb text_font=\u00bbComfortaa||||||||\u00bb text_text_color=\u00bb#FFFFFF\u00bb text_font_size=\u00bb15px\u00bb custom_margin=\u00bb-20px||||false|false\u00bb global_colors_info=\u00bb{}\u00bb theme_builder_area=\u00bbpost_content\u00bb]<\/p>\n<p><i class=\"fa-regular fa-envelope\" style=\"color: #ffffff;\"><\/i> <strong>EMAIL<\/strong><\/p>\n<p>[\/et_pb_text][et_pb_text _builder_version=\u00bb4.27.4&#8243; _module_preset=\u00bbdefault\u00bb text_text_color=\u00bb#FFFFFF\u00bb text_font_size=\u00bb13px\u00bb custom_margin=\u00bb-40px||||false|false\u00bb link_option_url=\u00bbobservatorio@regionmoquegua.gob.pe\u00bb global_colors_info=\u00bb{}\u00bb theme_builder_area=\u00bbpost_content\u00bb]<\/p>\n<p>observatorio@regionmoquegua.gob.pe<\/p>\n<p>[\/et_pb_text][et_pb_text _builder_version=\u00bb4.27.4&#8243; _module_preset=\u00bbdefault\u00bb text_font=\u00bbComfortaa||||||||\u00bb text_text_color=\u00bb#FFFFFF\u00bb text_font_size=\u00bb15px\u00bb custom_margin=\u00bb-20px||||false|false\u00bb global_colors_info=\u00bb{}\u00bb theme_builder_area=\u00bbpost_content\u00bb]<\/p>\n<p><i class=\"fa-solid fa-phone\" style=\"color: #ffffff;\"><\/i> <strong>TEL\u00c9FONO<\/strong><\/p>\n<p>[\/et_pb_text][et_pb_text _builder_version=\u00bb4.27.4&#8243; _module_preset=\u00bbdefault\u00bb text_text_color=\u00bb#FFFFFF\u00bb text_font_size=\u00bb13px\u00bb custom_margin=\u00bb-40px||||false|false\u00bb link_option_url=\u00bbobservatorio@regionmoquegua.gob.pe\u00bb global_colors_info=\u00bb{}\u00bb theme_builder_area=\u00bbpost_content\u00bb]<\/p>\n<p>955352738 \/ 053-584550<\/p>\n<p>[\/et_pb_text][\/et_pb_column][\/et_pb_row][\/et_pb_section]<\/p>\n","protected":false},"excerpt":{"rendered":"<p>ORDENANZAS ORDENANZA REGIONAL 08-2021 CR-GRM INSTANCIA REGIONAL 03-2020 IRC MODIFICA ORDENANZA INSTANCIA REGIONAL MOQUEGUA ANTERIOR ORDENANZA REGIONAL CREACION DEL OBSERVATORIO NACIONAL ORDENANZA MUNICIPAL_MUNICIPALIDAD PROVINCIAL MARISCAL NIETO_N_011-2018-MPMN ORDENANZA MUNICIPAL_MUNICIPALIDAD PROVINCIAL GENERAL SANCHEZ CERRO_N_015-2018-MPGSC ORDENANZA MUNICIPAL_MUNICIPALIDAD PROVINCIAL DE ILO_N_622-2017-MPI ORDENANZA-MUNICIPAL_MUNICIPALIDAD-DISTRITAL-EL-ALGARROBAL_N_004-2023-MDEA ORDENANZA MUNICIPAL_MUNICIPALIDAD DISTRITAL DE YUNGA_N_006-2023-MDY ORDENANZA MUNICIPAL_MUNICIPALIDAD DISTRITAL DE UBINAS_N_026-2022-MDU ORDENANZA MUNICIPAL_MUNICIPALIDAD DISTRITAL DE TORATA_N_001-2020-MDT ORDENANZA MUNICIPAL_MUNICIPALIDAD [&hellip;]<\/p>\n","protected":false},"author":1,"featured_media":0,"parent":0,"menu_order":0,"comment_status":"closed","ping_status":"closed","template":"","meta":{"_et_pb_use_builder":"on","_et_pb_old_content":"","_et_gb_content_width":"","footnotes":""},"class_list":["post-2559","page","type-page","status-publish","hentry"],"jetpack_sharing_enabled":true,"_links":{"self":[{"href":"https:\/\/observatorio.regionmoquegua.gob.pe\/index.php\/wp-json\/wp\/v2\/pages\/2559","targetHints":{"allow":["GET"]}}],"collection":[{"href":"https:\/\/observatorio.regionmoquegua.gob.pe\/index.php\/wp-json\/wp\/v2\/pages"}],"about":[{"href":"https:\/\/observatorio.regionmoquegua.gob.pe\/index.php\/wp-json\/wp\/v2\/types\/page"}],"author":[{"embeddable":true,"href":"https:\/\/observatorio.regionmoquegua.gob.pe\/index.php\/wp-json\/wp\/v2\/users\/1"}],"replies":[{"embeddable":true,"href":"https:\/\/observatorio.regionmoquegua.gob.pe\/index.php\/wp-json\/wp\/v2\/comments?post=2559"}],"version-history":[{"count":4,"href":"https:\/\/observatorio.regionmoquegua.gob.pe\/index.php\/wp-json\/wp\/v2\/pages\/2559\/revisions"}],"predecessor-version":[{"id":2568,"href":"https:\/\/observatorio.regionmoquegua.gob.pe\/index.php\/wp-json\/wp\/v2\/pages\/2559\/revisions\/2568"}],"wp:attachment":[{"href":"https:\/\/observatorio.regionmoquegua.gob.pe\/index.php\/wp-json\/wp\/v2\/media?parent=2559"}],"curies":[{"name":"wp","href":"https:\/\/api.w.org\/{rel}","templated":true}]}}