{"id":2802,"date":"2025-08-05T11:25:22","date_gmt":"2025-08-05T16:25:22","guid":{"rendered":"https:\/\/observatorio.regionmoquegua.gob.pe\/?page_id=2802"},"modified":"2025-08-05T14:44:45","modified_gmt":"2025-08-05T19:44:45","slug":"repositorio-folletos","status":"publish","type":"page","link":"https:\/\/observatorio.regionmoquegua.gob.pe\/index.php\/repositorio-folletos\/","title":{"rendered":"REPOSITORIO &#8211; FOLLETOS"},"content":{"rendered":"<p>[et_pb_section fb_built=\u00bb1&#8243; _builder_version=\u00bb4.27.4&#8243; _module_preset=\u00bbdefault\u00bb da_disable_devices=\u00bboff|off|off\u00bb global_colors_info=\u00bb{}\u00bb da_is_popup=\u00bboff\u00bb da_exit_intent=\u00bboff\u00bb da_has_close=\u00bbon\u00bb da_alt_close=\u00bboff\u00bb da_dark_close=\u00bboff\u00bb da_not_modal=\u00bbon\u00bb da_is_singular=\u00bboff\u00bb da_with_loader=\u00bboff\u00bb da_has_shadow=\u00bbon\u00bb][et_pb_row _builder_version=\u00bb4.27.4&#8243; _module_preset=\u00bbdefault\u00bb vertical_offset=\u00bb-25px\u00bb hover_enabled=\u00bb0&#8243; saved_tabs=\u00bball\u00bb global_colors_info=\u00bb{}\u00bb sticky_enabled=\u00bb0&#8243;][et_pb_column type=\u00bb4_4&#8243; _builder_version=\u00bb4.27.4&#8243; _module_preset=\u00bbdefault\u00bb global_colors_info=\u00bb{}\u00bb][et_pb_text _builder_version=\u00bb4.27.4&#8243; _module_preset=\u00bbdefault\u00bb text_font=\u00bbComfortaa||||||||\u00bb text_font_size=\u00bb23px\u00bb animation_style=\u00bbfade\u00bb global_colors_info=\u00bb{}\u00bb]<\/p>\n<p>FOLLETOS<\/p>\n<p>[\/et_pb_text][et_pb_divider color=\u00bb#c40017&#8243; divider_weight=\u00bb3px\u00bb _builder_version=\u00bb4.27.4&#8243; _module_preset=\u00bbdefault\u00bb custom_margin=\u00bb-10px||-10px||false|false\u00bb animation_style=\u00bbfade\u00bb global_colors_info=\u00bb{}\u00bb][\/et_pb_divider][\/et_pb_column][\/et_pb_row][et_pb_row column_structure=\u00bb1_4,3_4&#8243; _builder_version=\u00bb4.27.4&#8243; _module_preset=\u00bbdefault\u00bb hover_enabled=\u00bb0&#8243; global_colors_info=\u00bb{}\u00bb locked=\u00bboff\u00bb sticky_enabled=\u00bb0&#8243; custom_margin=\u00bb-40px||||false|false\u00bb][et_pb_column type=\u00bb1_4&#8243; _builder_version=\u00bb4.27.4&#8243; _module_preset=\u00bbdefault\u00bb global_colors_info=\u00bb{}\u00bb][et_pb_image src=\u00bbhttp:\/\/observatorio.regionmoquegua.gob.pe\/wp-content\/uploads\/2025\/08\/TAPAS-FOLLETO.png\u00bb title_text=\u00bbTAPAS FOLLETO\u00bb _builder_version=\u00bb4.27.4&#8243; _module_preset=\u00bbdefault\u00bb hover_enabled=\u00bb0&#8243; box_shadow_style=\u00bbpreset1&#8243; box_shadow_horizontal=\u00bb-22px\u00bb global_colors_info=\u00bb{}\u00bb sticky_enabled=\u00bb0&#8243;][\/et_pb_image][et_pb_button button_url=\u00bbhttps:\/\/drive.google.com\/file\/d\/1rLwcbzHp2NLK0lLTRg3AMljf5zju2xlN\/view?usp=drive_link\u00bb button_text=\u00bbDescargar\u00bb button_alignment=\u00bbcenter\u00bb _builder_version=\u00bb4.27.4&#8243; _module_preset=\u00bbdefault\u00bb custom_button=\u00bbon\u00bb button_text_size=\u00bb12px\u00bb button_text_color=\u00bb#FFFFFF\u00bb button_bg_color=\u00bb#000000&#8243; button_border_width=\u00bb0px\u00bb button_border_radius=\u00bb41px\u00bb button_letter_spacing=\u00bb0px\u00bb button_font=\u00bb||||||||\u00bb button_icon=\u00bb&#xe04a;||divi||400&#8243; button_icon_color=\u00bb#FFFFFF\u00bb button_on_hover=\u00bboff\u00bb hover_enabled=\u00bb0&#8243; global_colors_info=\u00bb{}\u00bb sticky_enabled=\u00bb0&#8243;][\/et_pb_button][\/et_pb_column][et_pb_column type=\u00bb3_4&#8243; _builder_version=\u00bb4.27.4&#8243; _module_preset=\u00bbdefault\u00bb global_colors_info=\u00bb{}\u00bb][et_pb_text _builder_version=\u00bb4.27.4&#8243; _module_preset=\u00bbdefault\u00bb text_font=\u00bbAboreto|700|||||||\u00bb text_font_size=\u00bb20px\u00bb hover_enabled=\u00bb0&#8243; global_colors_info=\u00bb{}\u00bb sticky_enabled=\u00bb0&#8243;]<\/p>\n<blockquote>\n<p style=\"text-align: justify;\"><span><strong>D\u00cdA NARANJA<\/strong><\/span><\/p>\n<\/blockquote>\n<p>[\/et_pb_text][et_pb_text _builder_version=\u00bb4.27.4&#8243; _module_preset=\u00bbdefault\u00bb hover_enabled=\u00bb0&#8243; global_colors_info=\u00bb{}\u00bb sticky_enabled=\u00bb0&#8243;]<\/p>\n<p style=\"text-align: justify;\">En todo el mundo, cada 25 de noviembre se conmemora el D\u00eda Internacional para la Erradicaci\u00f3n de la Violencia contra las Mujeres, decretados oficialmente por la ONU en 1999. Este d\u00eda forma parte de una gran campa\u00f1a nombrada #\u00daNETE, que tiene el objetivo de visibilizar la violencia que sufren las mujeres y ni\u00f1as alrededor del planeta, generando consciencia para prevenir y erradicar la misma.<\/p>\n<p style=\"text-align: justify;\">Se conmemora no solo el 25 de noviembre, sino cada d\u00eda 25 del mes&#8230;<\/p>\n<p>[\/et_pb_text][\/et_pb_column][\/et_pb_row][et_pb_row column_structure=\u00bb1_4,3_4&#8243; _builder_version=\u00bb4.27.4&#8243; _module_preset=\u00bbdefault\u00bb hover_enabled=\u00bb0&#8243; global_colors_info=\u00bb{}\u00bb locked=\u00bboff\u00bb sticky_enabled=\u00bb0&#8243; custom_margin=\u00bb0px||||false|false\u00bb][et_pb_column type=\u00bb1_4&#8243; _builder_version=\u00bb4.27.4&#8243; _module_preset=\u00bbdefault\u00bb global_colors_info=\u00bb{}\u00bb][et_pb_image src=\u00bbhttp:\/\/observatorio.regionmoquegua.gob.pe\/wp-content\/uploads\/2025\/08\/TAPAS-FOLLETO.png\u00bb title_text=\u00bbTAPAS FOLLETO\u00bb _builder_version=\u00bb4.27.4&#8243; _module_preset=\u00bbdefault\u00bb hover_enabled=\u00bb0&#8243; box_shadow_style=\u00bbpreset1&#8243; box_shadow_horizontal=\u00bb-22px\u00bb global_colors_info=\u00bb{}\u00bb sticky_enabled=\u00bb0&#8243;][\/et_pb_image][et_pb_button button_url=\u00bbhttps:\/\/drive.google.com\/file\/d\/1fcemLOnzbXDz1oaVOElPO3zMrGWk3sGZ\/view?usp=drive_link\u00bb button_text=\u00bbDescargar\u00bb button_alignment=\u00bbcenter\u00bb _builder_version=\u00bb4.27.4&#8243; _module_preset=\u00bbdefault\u00bb custom_button=\u00bbon\u00bb button_text_size=\u00bb12px\u00bb button_text_color=\u00bb#FFFFFF\u00bb button_bg_color=\u00bb#000000&#8243; button_border_width=\u00bb0px\u00bb button_border_radius=\u00bb41px\u00bb button_letter_spacing=\u00bb0px\u00bb button_font=\u00bb||||||||\u00bb button_icon=\u00bb&#xe04a;||divi||400&#8243; button_icon_color=\u00bb#FFFFFF\u00bb button_on_hover=\u00bboff\u00bb hover_enabled=\u00bb0&#8243; global_colors_info=\u00bb{}\u00bb sticky_enabled=\u00bb0&#8243;][\/et_pb_button][\/et_pb_column][et_pb_column type=\u00bb3_4&#8243; _builder_version=\u00bb4.27.4&#8243; _module_preset=\u00bbdefault\u00bb global_colors_info=\u00bb{}\u00bb][et_pb_text _builder_version=\u00bb4.27.4&#8243; _module_preset=\u00bbdefault\u00bb text_font=\u00bbAboreto|700|||||||\u00bb text_font_size=\u00bb20px\u00bb hover_enabled=\u00bb0&#8243; global_colors_info=\u00bb{}\u00bb sticky_enabled=\u00bb0&#8243;]<\/p>\n<blockquote>\n<p style=\"text-align: justify;\"><span><strong>MUJERES DE LIMA SUR EN ACCI\u00d3N FRENTE A LA VIOLENCIA DE G\u00c9NERO Y LA IGUALDAD<\/strong><\/span><\/p>\n<\/blockquote>\n<p>[\/et_pb_text][et_pb_text _builder_version=\u00bb4.27.4&#8243; _module_preset=\u00bbdefault\u00bb hover_enabled=\u00bb0&#8243; global_colors_info=\u00bb{}\u00bb sticky_enabled=\u00bb0&#8243;]<\/p>\n<p style=\"text-align: justify;\">Cada a\u00f1o somos testigos del incremento de violencia que afecta a miles de mujeres, en todo su ciclo de vida. Son agredidas,\u00a0 esaparecidas y asesinadas por la persistencia de patrones socioculturales discriminatorios, estereotipados y por la desigualdad imperante producto de las relaciones de poder asim\u00e9tricas entre\u00a0 hombres y mujeres.\u00a0<\/p>\n<p style=\"text-align: justify;\">La violencia de g\u00e9nero contin\u00faa siendo una problem\u00e1tica social y estructural con graves consecuencias para las mujeres, familias y sociedad en su conjunto&#8230;<\/p>\n<p>[\/et_pb_text][\/et_pb_column][\/et_pb_row][\/et_pb_section][et_pb_section fb_built=\u00bb1&#8243; _builder_version=\u00bb4.27.4&#8243; _module_preset=\u00bbdefault\u00bb background_color=\u00bb#171717&#8243; da_disable_devices=\u00bboff|off|off\u00bb saved_tabs=\u00bball\u00bb global_colors_info=\u00bb{}\u00bb da_is_popup=\u00bboff\u00bb da_exit_intent=\u00bboff\u00bb da_has_close=\u00bbon\u00bb da_alt_close=\u00bboff\u00bb da_dark_close=\u00bboff\u00bb da_not_modal=\u00bbon\u00bb da_is_singular=\u00bboff\u00bb da_with_loader=\u00bboff\u00bb da_has_shadow=\u00bbon\u00bb][et_pb_row column_structure=\u00bb1_3,1_3,1_3&#8243; _builder_version=\u00bb4.27.4&#8243; _module_preset=\u00bbdefault\u00bb max_width=\u00bb1500px\u00bb custom_margin=\u00bb-10px||-60px||false|false\u00bb custom_padding=\u00bb||||false|false\u00bb global_colors_info=\u00bb{}\u00bb][et_pb_column type=\u00bb1_3&#8243; _builder_version=\u00bb4.27.4&#8243; _module_preset=\u00bbdefault\u00bb global_colors_info=\u00bb{}\u00bb][et_pb_image src=\u00bbhttp:\/\/observatorio.regionmoquegua.gob.pe\/wp-content\/uploads\/2025\/05\/GORE-B.png\u00bb title_text=\u00bbGORE B\u00bb _builder_version=\u00bb4.27.4&#8243; _module_preset=\u00bbdefault\u00bb width=\u00bb40%\u00bb module_alignment=\u00bbcenter\u00bb custom_margin=\u00bb30px||||false|false\u00bb animation_style=\u00bbfade\u00bb global_colors_info=\u00bb{}\u00bb][\/et_pb_image][et_pb_text _builder_version=\u00bb4.27.4&#8243; _module_preset=\u00bbdefault\u00bb text_font=\u00bbAboreto||||||||\u00bb text_text_color=\u00bb#FFFFFF\u00bb custom_margin=\u00bb-20px||||false|false\u00bb global_colors_info=\u00bb{}\u00bb]<\/p>\n<p style=\"text-align: center;\">\u00abUna Regi\u00f3n de Oportunidades\u00bb<\/p>\n<p>[\/et_pb_text][et_pb_social_media_follow _builder_version=\u00bb4.27.4&#8243; _module_preset=\u00bbdefault\u00bb text_orientation=\u00bbcenter\u00bb custom_margin=\u00bb-20px||||false|false\u00bb global_colors_info=\u00bb{}\u00bb][et_pb_social_media_follow_network social_network=\u00bbfacebook\u00bb url=\u00bbhttps:\/\/www.facebook.com\/gob.regionalmoq\u00bb icon_color=\u00bb#171717&#8243; _builder_version=\u00bb4.27.4&#8243; _module_preset=\u00bbdefault\u00bb background_color=\u00bb#FFFFFF\u00bb background_enable_color=\u00bbon\u00bb global_colors_info=\u00bb{}\u00bb follow_button=\u00bboff\u00bb url_new_window=\u00bbon\u00bb]facebook[\/et_pb_social_media_follow_network][et_pb_social_media_follow_network social_network=\u00bbtwitter\u00bb icon_color=\u00bb#171717&#8243; _builder_version=\u00bb4.27.4&#8243; _module_preset=\u00bbdefault\u00bb background_color=\u00bb#FFFFFF\u00bb background_enable_color=\u00bbon\u00bb global_colors_info=\u00bb{}\u00bb follow_button=\u00bboff\u00bb url_new_window=\u00bbon\u00bb]X[\/et_pb_social_media_follow_network][et_pb_social_media_follow_network social_network=\u00bbinstagram\u00bb icon_color=\u00bb#171717&#8243; _builder_version=\u00bb4.27.4&#8243; _module_preset=\u00bbdefault\u00bb background_color=\u00bb#FFFFFF\u00bb background_enable_color=\u00bbon\u00bb global_colors_info=\u00bb{}\u00bb follow_button=\u00bboff\u00bb url_new_window=\u00bbon\u00bb]instagram[\/et_pb_social_media_follow_network][et_pb_social_media_follow_network social_network=\u00bbyoutube\u00bb icon_color=\u00bb#171717&#8243; _builder_version=\u00bb4.27.4&#8243; _module_preset=\u00bbdefault\u00bb background_color=\u00bb#FFFFFF\u00bb background_enable_color=\u00bbon\u00bb global_colors_info=\u00bb{}\u00bb follow_button=\u00bboff\u00bb url_new_window=\u00bbon\u00bb]youtube[\/et_pb_social_media_follow_network][et_pb_social_media_follow_network social_network=\u00bbtiktok\u00bb icon_color=\u00bb#171717&#8243; _builder_version=\u00bb4.27.4&#8243; _module_preset=\u00bbdefault\u00bb background_color=\u00bb#FFFFFF\u00bb background_enable_color=\u00bbon\u00bb global_colors_info=\u00bb{}\u00bb follow_button=\u00bboff\u00bb url_new_window=\u00bbon\u00bb]tiktok[\/et_pb_social_media_follow_network][\/et_pb_social_media_follow][\/et_pb_column][et_pb_column type=\u00bb1_3&#8243; _builder_version=\u00bb4.27.4&#8243; _module_preset=\u00bbdefault\u00bb global_colors_info=\u00bb{}\u00bb][et_pb_text _builder_version=\u00bb4.27.4&#8243; _module_preset=\u00bbdefault\u00bb text_font=\u00bbComfortaa||||||||\u00bb text_text_color=\u00bb#FFFFFF\u00bb text_font_size=\u00bb18px\u00bb animation_style=\u00bbfade\u00bb global_colors_info=\u00bb{}\u00bb]<\/p>\n<p><strong>OTROS ENLACES DE INTER\u00c9S<\/strong><\/p>\n<p>[\/et_pb_text][et_pb_divider color=\u00bb#FFFFFF\u00bb divider_weight=\u00bb3px\u00bb _builder_version=\u00bb4.27.4&#8243; _module_preset=\u00bbdefault\u00bb width=\u00bb23%\u00bb custom_margin=\u00bb-20px||10px||false|false\u00bb animation_style=\u00bbfade\u00bb global_colors_info=\u00bb{}\u00bb height__hover_enabled=\u00bboff|desktop\u00bb][\/et_pb_divider][et_pb_text _builder_version=\u00bb4.27.4&#8243; _module_preset=\u00bbdefault\u00bb text_font=\u00bb||||||||\u00bb text_text_color=\u00bb#FFFFFF\u00bb text_font_size=\u00bb13px\u00bb link_option_url=\u00bbhttps:\/\/www.gob.pe\/aurora\u00bb global_colors_info=\u00bb{}\u00bb]<\/p>\n<p><i class=\"fa-solid fa-person-dress\" style=\"color: #ffffff;\"><\/i> Programa Nacional AURORA<\/p>\n<p>[\/et_pb_text][et_pb_text _builder_version=\u00bb4.27.4&#8243; _module_preset=\u00bbdefault\u00bb text_font=\u00bbComfortaa||||||||\u00bb text_text_color=\u00bb#FFFFFF\u00bb text_font_size=\u00bb13px\u00bb custom_margin=\u00bb-30px||||false|false\u00bb link_option_url=\u00bbhttps:\/\/www.gob.pe\/pnp\u00bb global_colors_info=\u00bb{}\u00bb]<\/p>\n<p><i class=\"fa-solid fa-user-shield\" style=\"color: #ffffff;\"><\/i> Polic\u00eda Nacional del Per\u00fa<\/p>\n<p>[\/et_pb_text][et_pb_text _builder_version=\u00bb4.27.4&#8243; _module_preset=\u00bbdefault\u00bb text_font=\u00bb||||||||\u00bb text_text_color=\u00bb#FFFFFF\u00bb text_font_size=\u00bb13px\u00bb custom_margin=\u00bb-30px||||false|false\u00bb link_option_url=\u00bbhttps:\/\/www.gob.pe\/mpfn\u00bb global_colors_info=\u00bb{}\u00bb]<\/p>\n<p><i class=\"fa-solid fa-landmark\" style=\"color: #ffffff;\"><\/i> Ministerio P\u00fablico Fiscal\u00eda de la Naci\u00f3n<\/p>\n<p>[\/et_pb_text][et_pb_text _builder_version=\u00bb4.27.4&#8243; _module_preset=\u00bbdefault\u00bb text_font=\u00bb||||||||\u00bb text_text_color=\u00bb#FFFFFF\u00bb text_font_size=\u00bb13px\u00bb custom_margin=\u00bb-30px||||false|false\u00bb link_option_url=\u00bbhttps:\/\/www.gob.pe\/csjmoquegua\u00bb global_colors_info=\u00bb{}\u00bb]<\/p>\n<p><i class=\"fa-solid fa-gavel\" style=\"color: #ffffff;\"><\/i> Corte Superior de Moquegua<\/p>\n<p>[\/et_pb_text][et_pb_text _builder_version=\u00bb4.27.4&#8243; _module_preset=\u00bbdefault\u00bb text_font=\u00bb||||||||\u00bb text_text_color=\u00bb#FFFFFF\u00bb text_font_size=\u00bb13px\u00bb custom_margin=\u00bb-30px||||false|false\u00bb link_option_url=\u00bbhttps:\/\/www.defensoria.gob.pe\/\u00bb global_colors_info=\u00bb{}\u00bb]<\/p>\n<p><i class=\"fa-solid fa-people-roof\" style=\"color: #ffffff;\"><\/i> Defensor\u00eda del Pueblo<\/p>\n<p>[\/et_pb_text][\/et_pb_column][et_pb_column type=\u00bb1_3&#8243; _builder_version=\u00bb4.27.4&#8243; _module_preset=\u00bbdefault\u00bb global_colors_info=\u00bb{}\u00bb][et_pb_text _builder_version=\u00bb4.27.4&#8243; _module_preset=\u00bbdefault\u00bb text_font=\u00bbComfortaa||||||||\u00bb text_text_color=\u00bb#FFFFFF\u00bb text_font_size=\u00bb18px\u00bb animation_style=\u00bbfade\u00bb global_colors_info=\u00bb{}\u00bb]<\/p>\n<p>CONT\u00c1CTANOS<\/p>\n<p>[\/et_pb_text][et_pb_divider color=\u00bb#FFFFFF\u00bb divider_weight=\u00bb3px\u00bb _builder_version=\u00bb4.27.4&#8243; _module_preset=\u00bbdefault\u00bb width=\u00bb23%\u00bb custom_margin=\u00bb-20px||10px||false|false\u00bb animation_style=\u00bbfade\u00bb global_colors_info=\u00bb{}\u00bb height__hover_enabled=\u00bboff|desktop\u00bb][\/et_pb_divider][et_pb_text _builder_version=\u00bb4.27.4&#8243; _module_preset=\u00bbdefault\u00bb text_font=\u00bbComfortaa||||||||\u00bb text_text_color=\u00bb#FFFFFF\u00bb text_font_size=\u00bb15px\u00bb global_colors_info=\u00bb{}\u00bb]<i class=\"fa-regular fa-map\" style=\"color: #ffffff;\"><\/i> <strong>UBICACI\u00d3N<\/strong>[\/et_pb_text][et_pb_text _builder_version=\u00bb4.27.4&#8243; _module_preset=\u00bbdefault\u00bb text_text_color=\u00bb#FFFFFF\u00bb text_font_size=\u00bb13px\u00bb custom_margin=\u00bb-40px||||false|false\u00bb link_option_url=\u00bbhttps:\/\/maps.app.goo.gl\/fFNTHpkc1uU2MP2Y8&#8243; global_colors_info=\u00bb{}\u00bb]<\/p>\n<p>Av. Malec\u00f3n Mariscal Domingo Nieto S\/N Sector el \u00abGramadal\u00bb<\/p>\n<p>[\/et_pb_text][et_pb_text _builder_version=\u00bb4.27.4&#8243; _module_preset=\u00bbdefault\u00bb text_font=\u00bbComfortaa||||||||\u00bb text_text_color=\u00bb#FFFFFF\u00bb text_font_size=\u00bb15px\u00bb custom_margin=\u00bb-20px||||false|false\u00bb global_colors_info=\u00bb{}\u00bb]<\/p>\n<p><i class=\"fa-regular fa-envelope\" style=\"color: #ffffff;\"><\/i> <strong>EMAIL<\/strong><\/p>\n<p>[\/et_pb_text][et_pb_text _builder_version=\u00bb4.27.4&#8243; _module_preset=\u00bbdefault\u00bb text_text_color=\u00bb#FFFFFF\u00bb text_font_size=\u00bb13px\u00bb custom_margin=\u00bb-40px||||false|false\u00bb link_option_url=\u00bbobservatorio@regionmoquegua.gob.pe\u00bb global_colors_info=\u00bb{}\u00bb]<\/p>\n<p>observatorio@regionmoquegua.gob.pe<\/p>\n<p>[\/et_pb_text][et_pb_text _builder_version=\u00bb4.27.4&#8243; _module_preset=\u00bbdefault\u00bb text_font=\u00bbComfortaa||||||||\u00bb text_text_color=\u00bb#FFFFFF\u00bb text_font_size=\u00bb15px\u00bb custom_margin=\u00bb-20px||||false|false\u00bb global_colors_info=\u00bb{}\u00bb]<\/p>\n<p><i class=\"fa-solid fa-phone\" style=\"color: #ffffff;\"><\/i> <strong>TEL\u00c9FONO<\/strong><\/p>\n<p>[\/et_pb_text][et_pb_text _builder_version=\u00bb4.27.4&#8243; _module_preset=\u00bbdefault\u00bb text_text_color=\u00bb#FFFFFF\u00bb text_font_size=\u00bb13px\u00bb custom_margin=\u00bb-40px||||false|false\u00bb link_option_url=\u00bbobservatorio@regionmoquegua.gob.pe\u00bb global_colors_info=\u00bb{}\u00bb]<\/p>\n<p>955352738 \/ 053-584550<\/p>\n<p>[\/et_pb_text][\/et_pb_column][\/et_pb_row][\/et_pb_section]<\/p>\n","protected":false},"excerpt":{"rendered":"<p>FOLLETOS D\u00cdA NARANJA En todo el mundo, cada 25 de noviembre se conmemora el D\u00eda Internacional para la Erradicaci\u00f3n de la Violencia contra las Mujeres, decretados oficialmente por la ONU en 1999. Este d\u00eda forma parte de una gran campa\u00f1a nombrada #\u00daNETE, que tiene el objetivo de visibilizar la violencia que sufren las mujeres y [&hellip;]<\/p>\n","protected":false},"author":1,"featured_media":0,"parent":0,"menu_order":0,"comment_status":"closed","ping_status":"closed","template":"","meta":{"_et_pb_use_builder":"on","_et_pb_old_content":"","_et_gb_content_width":"","footnotes":""},"class_list":["post-2802","page","type-page","status-publish","hentry"],"jetpack_sharing_enabled":true,"_links":{"self":[{"href":"https:\/\/observatorio.regionmoquegua.gob.pe\/index.php\/wp-json\/wp\/v2\/pages\/2802","targetHints":{"allow":["GET"]}}],"collection":[{"href":"https:\/\/observatorio.regionmoquegua.gob.pe\/index.php\/wp-json\/wp\/v2\/pages"}],"about":[{"href":"https:\/\/observatorio.regionmoquegua.gob.pe\/index.php\/wp-json\/wp\/v2\/types\/page"}],"author":[{"embeddable":true,"href":"https:\/\/observatorio.regionmoquegua.gob.pe\/index.php\/wp-json\/wp\/v2\/users\/1"}],"replies":[{"embeddable":true,"href":"https:\/\/observatorio.regionmoquegua.gob.pe\/index.php\/wp-json\/wp\/v2\/comments?post=2802"}],"version-history":[{"count":4,"href":"https:\/\/observatorio.regionmoquegua.gob.pe\/index.php\/wp-json\/wp\/v2\/pages\/2802\/revisions"}],"predecessor-version":[{"id":2811,"href":"https:\/\/observatorio.regionmoquegua.gob.pe\/index.php\/wp-json\/wp\/v2\/pages\/2802\/revisions\/2811"}],"wp:attachment":[{"href":"https:\/\/observatorio.regionmoquegua.gob.pe\/index.php\/wp-json\/wp\/v2\/media?parent=2802"}],"curies":[{"name":"wp","href":"https:\/\/api.w.org\/{rel}","templated":true}]}}