{"id":781,"date":"2023-06-22T08:42:51","date_gmt":"2023-06-22T13:42:51","guid":{"rendered":"https:\/\/observatorio.regionmoquegua.gob.pe\/?page_id=781"},"modified":"2025-01-29T11:45:45","modified_gmt":"2025-01-29T16:45:45","slug":"instancias-provinciales-de-concertacion-ipc","status":"publish","type":"page","link":"https:\/\/observatorio.regionmoquegua.gob.pe\/index.php\/instancias-provinciales-de-concertacion-ipc\/","title":{"rendered":"Sistema regional &#8211; Organizaci\u00f3n del sistema regional &#8211; Instancias provinciales de concertaci\u00f3n &#8211; IPC"},"content":{"rendered":"<p>[et_pb_section fb_built=\u00bb1&#8243; admin_label=\u00bbsection\u00bb _builder_version=\u00bb4.16&#8243; da_disable_devices=\u00bboff|off|off\u00bb global_colors_info=\u00bb{}\u00bb da_is_popup=\u00bboff\u00bb da_exit_intent=\u00bboff\u00bb da_has_close=\u00bbon\u00bb da_alt_close=\u00bboff\u00bb da_dark_close=\u00bboff\u00bb da_not_modal=\u00bbon\u00bb da_is_singular=\u00bboff\u00bb da_with_loader=\u00bboff\u00bb da_has_shadow=\u00bbon\u00bb][et_pb_row _builder_version=\u00bb4.21.0&#8243; _module_preset=\u00bbdefault\u00bb background_enable_image=\u00bboff\u00bb animation_style=\u00bbfold\u00bb animation_duration=\u00bb1450ms\u00bb locked=\u00bboff\u00bb global_colors_info=\u00bb{}\u00bb][et_pb_column type=\u00bb4_4&#8243; _builder_version=\u00bb4.21.0&#8243; _module_preset=\u00bbdefault\u00bb global_colors_info=\u00bb{}\u00bb][et_pb_text _builder_version=\u00bb4.21.0&#8243; _module_preset=\u00bbdefault\u00bb text_font=\u00bb|800|||||||\u00bb text_font_size=\u00bb28px\u00bb border_width_left=\u00bb5px\u00bb border_color_left=\u00bb#dd3333&#8243; global_colors_info=\u00bb{}\u00bb]<\/p>\n<p><span style=\"color: #5e5e5e;\">\u00a0 INSTANCIAS PROVINCIALES DE CONCERTACI\u00d3N &#8211; IPC<\/span><\/p>\n<p>[\/et_pb_text][\/et_pb_column][\/et_pb_row][et_pb_row column_structure=\u00bb1_3,1_3,1_3&#8243; _builder_version=\u00bb4.21.0&#8243; _module_preset=\u00bbdefault\u00bb locked=\u00bboff\u00bb global_colors_info=\u00bb{}\u00bb][et_pb_column type=\u00bb1_3&#8243; _builder_version=\u00bb4.21.0&#8243; _module_preset=\u00bbdefault\u00bb global_colors_info=\u00bb{}\u00bb][et_pb_image src=\u00bbhttp:\/\/observatorio.regionmoquegua.gob.pe\/wp-content\/uploads\/2023\/06\/23.jpg\u00bb title_text=\u00bb23&#8243; _builder_version=\u00bb4.21.0&#8243; _module_preset=\u00bbdefault\u00bb animation_style=\u00bbfold\u00bb global_colors_info=\u00bb{}\u00bb][\/et_pb_image][et_pb_text _builder_version=\u00bb4.21.0&#8243; _module_preset=\u00bbdefault\u00bb text_font=\u00bb|700|||||||\u00bb text_text_color=\u00bb#FFFFFF\u00bb background_color=\u00bb#C4341B\u00bb animation_style=\u00bbfold\u00bb border_radii=\u00bbon|38px|38px|38px|38px\u00bb border_width_all=\u00bb6px\u00bb border_color_all=\u00bb#C4341B\u00bb box_shadow_style=\u00bbpreset3&#8243; box_shadow_horizontal=\u00bb7px\u00bb box_shadow_blur=\u00bb12px\u00bb global_colors_info=\u00bb{}\u00bb]<\/p>\n<p style=\"text-align: center;\">\u00bfQU\u00c9 SON LAS IPC?<\/p>\n<p>[\/et_pb_text][et_pb_text _builder_version=\u00bb4.21.0&#8243; _module_preset=\u00bbdefault\u00bb custom_padding=\u00bb||0px|||\u00bb global_colors_info=\u00bb{}\u00bb]<\/p>\n<p style=\"text-align: justify;\">Es un espacio de articulaci\u00f3n y coordinaci\u00f3n a nivel provincial que tiene entre sus funciones proponer en los instrumentos de gesti\u00f3n como el Plan de Desarrollo Concertado (PDC), el Plan Operativo Institucional (POI) y el Presupuesto Participativo (PP), acciones que respondan a la problem\u00e1tica de la violencia contra las mujeres y los integrantes del grupo familiar.<\/p>\n<p>[\/et_pb_text][\/et_pb_column][et_pb_column type=\u00bb1_3&#8243; _builder_version=\u00bb4.21.0&#8243; _module_preset=\u00bbdefault\u00bb global_colors_info=\u00bb{}\u00bb][et_pb_image src=\u00bbhttp:\/\/observatorio.regionmoquegua.gob.pe\/wp-content\/uploads\/2023\/06\/22.jpg\u00bb title_text=\u00bb22&#8243; _builder_version=\u00bb4.21.0&#8243; _module_preset=\u00bbdefault\u00bb animation_style=\u00bbfold\u00bb global_colors_info=\u00bb{}\u00bb][\/et_pb_image][et_pb_text _builder_version=\u00bb4.21.0&#8243; _module_preset=\u00bbdefault\u00bb text_font=\u00bb|700|||||||\u00bb text_text_color=\u00bb#FFFFFF\u00bb background_color=\u00bb#C4341B\u00bb animation_style=\u00bbfold\u00bb border_radii=\u00bbon|38px|38px|38px|38px\u00bb border_width_all=\u00bb6px\u00bb border_color_all=\u00bb#C4341B\u00bb box_shadow_style=\u00bbpreset3&#8243; box_shadow_horizontal=\u00bb7px\u00bb box_shadow_blur=\u00bb12px\u00bb global_colors_info=\u00bb{}\u00bb]<\/p>\n<p style=\"text-align: center;\">\u00bfCU\u00c1L ES SU OBJETIVO?<\/p>\n<p>[\/et_pb_text][et_pb_text _builder_version=\u00bb4.21.0&#8243; _module_preset=\u00bbdefault\u00bb custom_padding=\u00bb||0px|||\u00bb global_colors_info=\u00bb{}\u00bb]<\/p>\n<p style=\"text-align: justify;\">La Instancia Provincial tiene por objeto promover, coordinar y articular la participaci\u00f3n de las diferentes instituciones p\u00fablicas, sociedad civil organizada, sector privado y medios de comunicaci\u00f3n en el nivel provincial a fin de garantizar la prevenci\u00f3n, sanci\u00f3n y erradicaci\u00f3n de violencia contra las mujeres e integrantes del grupo familiar.<\/p>\n<p>[\/et_pb_text][\/et_pb_column][et_pb_column type=\u00bb1_3&#8243; _builder_version=\u00bb4.21.0&#8243; _module_preset=\u00bbdefault\u00bb global_colors_info=\u00bb{}\u00bb][et_pb_image src=\u00bbhttp:\/\/observatorio.regionmoquegua.gob.pe\/wp-content\/uploads\/2023\/06\/21.jpg\u00bb title_text=\u00bb21&#8243; _builder_version=\u00bb4.21.0&#8243; _module_preset=\u00bbdefault\u00bb animation_style=\u00bbfold\u00bb global_colors_info=\u00bb{}\u00bb][\/et_pb_image][et_pb_text _builder_version=\u00bb4.21.0&#8243; _module_preset=\u00bbdefault\u00bb text_font=\u00bb|700|||||||\u00bb text_text_color=\u00bb#FFFFFF\u00bb background_color=\u00bb#C4341B\u00bb animation_style=\u00bbfold\u00bb border_radii=\u00bbon|38px|38px|38px|38px\u00bb border_width_all=\u00bb6px\u00bb border_color_all=\u00bb#C4341B\u00bb box_shadow_style=\u00bbpreset3&#8243; box_shadow_horizontal=\u00bb7px\u00bb box_shadow_blur=\u00bb12px\u00bb global_colors_info=\u00bb{}\u00bb]<\/p>\n<p style=\"text-align: center;\">\u00bfQUI\u00c9NES LA CONFORMAN?<\/p>\n<p>[\/et_pb_text][et_pb_text _builder_version=\u00bb4.21.0&#8243; _module_preset=\u00bbdefault\u00bb global_colors_info=\u00bb{}\u00bb]<\/p>\n<ul>\n<ul>\n<li class=\"has-small-font-size\" style=\"text-align: justify;\">Gobernador(a) del Gobierno Regional de Moquegua. <strong>(Presidencia de la IRC)<\/strong><\/li>\n<li class=\"has-small-font-size\" style=\"text-align: justify;\">Gerente(a) Regional de Desarrollo Social. <strong style=\"font-size: var(--wp--preset--font-size--small);\">(Secretar\u00eda t\u00e9cnica)<\/strong><\/li>\n<li class=\"has-small-font-size\" style=\"text-align: justify;\">Director(a) Regional de Educaci\u00f3n.\u00a0 \u00a0<\/li>\n<\/ul>\n<\/ul>\n<p>[\/et_pb_text][et_pb_button button_url=\u00bbhttps:\/\/drive.google.com\/file\/d\/1jtmluu6ZGuW4Y30Yjaf8ROUhwJz3OW3h\/view?usp=drive_link\u00bb button_text=\u00bbAccede aqu\u00ed\u00bb button_alignment=\u00bbright\u00bb _builder_version=\u00bb4.21.0&#8243; _module_preset=\u00bbdefault\u00bb custom_button=\u00bbon\u00bb button_text_size=\u00bb12px\u00bb button_text_color=\u00bb#FFFFFF\u00bb button_bg_color=\u00bb#6B6B6B\u00bb button_border_width=\u00bb0px\u00bb button_border_radius=\u00bb41px\u00bb button_letter_spacing=\u00bb0px\u00bb button_font=\u00bb||||||||\u00bb button_icon=\u00bb&#xe04a;||divi||400&#8243; button_icon_color=\u00bb#FFFFFF\u00bb button_on_hover=\u00bboff\u00bb locked=\u00bboff\u00bb global_colors_info=\u00bb{}\u00bb][\/et_pb_button][\/et_pb_column][\/et_pb_row][et_pb_row _builder_version=\u00bb4.21.0&#8243; _module_preset=\u00bbdefault\u00bb background_enable_image=\u00bboff\u00bb animation_style=\u00bbfold\u00bb animation_duration=\u00bb1450ms\u00bb locked=\u00bboff\u00bb global_colors_info=\u00bb{}\u00bb][et_pb_column type=\u00bb4_4&#8243; _builder_version=\u00bb4.21.0&#8243; _module_preset=\u00bbdefault\u00bb global_colors_info=\u00bb{}\u00bb][et_pb_text _builder_version=\u00bb4.21.0&#8243; _module_preset=\u00bbdefault\u00bb text_font=\u00bb|800|||||||\u00bb text_font_size=\u00bb28px\u00bb text_line_height=\u00bb1.1em\u00bb border_width_left=\u00bb5px\u00bb border_color_left=\u00bb#dd3333&#8243; global_colors_info=\u00bb{}\u00bb]<\/p>\n<p><span style=\"color: #5e5e5e;\">\u00a0 NORMAS DE CREACI\u00d3N<\/span><\/p>\n<p>[\/et_pb_text][\/et_pb_column][\/et_pb_row][et_pb_row column_structure=\u00bb1_3,1_3,1_3&#8243; _builder_version=\u00bb4.21.0&#8243; _module_preset=\u00bbdefault\u00bb animation_style=\u00bbfold\u00bb animation_duration=\u00bb1450ms\u00bb global_colors_info=\u00bb{}\u00bb][et_pb_column type=\u00bb1_3&#8243; _builder_version=\u00bb4.21.0&#8243; _module_preset=\u00bbdefault\u00bb global_colors_info=\u00bb{}\u00bb][et_pb_image src=\u00bbhttp:\/\/observatorio.regionmoquegua.gob.pe\/wp-content\/uploads\/2023\/06\/18-3.jpg\u00bb title_text=\u00bb18&#8243; _builder_version=\u00bb4.21.0&#8243; _module_preset=\u00bbdefault\u00bb hover_enabled=\u00bb0&#8243; box_shadow_style=\u00bbpreset1&#8243; box_shadow_horizontal=\u00bb-22px\u00bb global_colors_info=\u00bb{}\u00bb sticky_enabled=\u00bb0&#8243;][\/et_pb_image][\/et_pb_column][et_pb_column type=\u00bb1_3&#8243; _builder_version=\u00bb4.21.0&#8243; _module_preset=\u00bbdefault\u00bb global_colors_info=\u00bb{}\u00bb][et_pb_image src=\u00bbhttp:\/\/observatorio.regionmoquegua.gob.pe\/wp-content\/uploads\/2023\/06\/19-2.jpg\u00bb title_text=\u00bb19&#8243; _builder_version=\u00bb4.21.0&#8243; _module_preset=\u00bbdefault\u00bb hover_enabled=\u00bb0&#8243; box_shadow_style=\u00bbpreset1&#8243; box_shadow_horizontal=\u00bb-22px\u00bb global_colors_info=\u00bb{}\u00bb sticky_enabled=\u00bb0&#8243;][\/et_pb_image][\/et_pb_column][et_pb_column type=\u00bb1_3&#8243; _builder_version=\u00bb4.21.0&#8243; _module_preset=\u00bbdefault\u00bb global_colors_info=\u00bb{}\u00bb][et_pb_image src=\u00bbhttp:\/\/observatorio.regionmoquegua.gob.pe\/wp-content\/uploads\/2023\/06\/20-2.jpg\u00bb title_text=\u00bb20&#8243; _builder_version=\u00bb4.21.0&#8243; _module_preset=\u00bbdefault\u00bb hover_enabled=\u00bb0&#8243; box_shadow_style=\u00bbpreset1&#8243; box_shadow_horizontal=\u00bb-22px\u00bb global_colors_info=\u00bb{}\u00bb sticky_enabled=\u00bb0&#8243;][\/et_pb_image][\/et_pb_column][\/et_pb_row][\/et_pb_section]<\/p>\n","protected":false},"excerpt":{"rendered":"<p>\u00a0 INSTANCIAS PROVINCIALES DE CONCERTACI\u00d3N &#8211; IPC\u00bfQU\u00c9 SON LAS IPC?Es un espacio de articulaci\u00f3n y coordinaci\u00f3n a nivel provincial que tiene entre sus funciones proponer en los instrumentos de gesti\u00f3n como el Plan de Desarrollo Concertado (PDC), el Plan Operativo Institucional (POI) y el Presupuesto Participativo (PP), acciones que respondan a la problem\u00e1tica de la [&hellip;]<\/p>\n","protected":false},"author":1,"featured_media":0,"parent":0,"menu_order":0,"comment_status":"closed","ping_status":"closed","template":"","meta":{"_et_pb_use_builder":"on","_et_pb_old_content":"","_et_gb_content_width":"","footnotes":""},"class_list":["post-781","page","type-page","status-publish","hentry"],"jetpack_sharing_enabled":true,"_links":{"self":[{"href":"https:\/\/observatorio.regionmoquegua.gob.pe\/index.php\/wp-json\/wp\/v2\/pages\/781","targetHints":{"allow":["GET"]}}],"collection":[{"href":"https:\/\/observatorio.regionmoquegua.gob.pe\/index.php\/wp-json\/wp\/v2\/pages"}],"about":[{"href":"https:\/\/observatorio.regionmoquegua.gob.pe\/index.php\/wp-json\/wp\/v2\/types\/page"}],"author":[{"embeddable":true,"href":"https:\/\/observatorio.regionmoquegua.gob.pe\/index.php\/wp-json\/wp\/v2\/users\/1"}],"replies":[{"embeddable":true,"href":"https:\/\/observatorio.regionmoquegua.gob.pe\/index.php\/wp-json\/wp\/v2\/comments?post=781"}],"version-history":[{"count":5,"href":"https:\/\/observatorio.regionmoquegua.gob.pe\/index.php\/wp-json\/wp\/v2\/pages\/781\/revisions"}],"predecessor-version":[{"id":2013,"href":"https:\/\/observatorio.regionmoquegua.gob.pe\/index.php\/wp-json\/wp\/v2\/pages\/781\/revisions\/2013"}],"wp:attachment":[{"href":"https:\/\/observatorio.regionmoquegua.gob.pe\/index.php\/wp-json\/wp\/v2\/media?parent=781"}],"curies":[{"name":"wp","href":"https:\/\/api.w.org\/{rel}","templated":true}]}}